{"id":18745,"date":"2025-01-17T12:05:50","date_gmt":"2025-01-17T09:05:50","guid":{"rendered":"https:\/\/argotomotiv.com.tr\/?post_type=product&#038;p=18745"},"modified":"2026-03-11T16:09:48","modified_gmt":"2026-03-11T13:09:48","slug":"arg112-4474375112","status":"publish","type":"product","link":"https:\/\/argotomotiv.com.tr\/en\/product\/arg112-4474375112\/","title":{"rendered":"ARG112 (4474375112)"},"content":{"rendered":"<table style=\"width: 54.3816%;height: 553px\" width=\"751\">\n<tbody>\n<tr style=\"height: 62px\">\n<td style=\"height: 62px;width: 15.1832%\" width=\"117\"><span style=\"font-size: 14pt\"><strong>MODEL<\/strong><\/span><\/td>\n<td style=\"height: 62px;width: 13.3508%\" width=\"103\"><span style=\"font-size: 14pt\"><strong>AXLE<\/strong><\/span><\/td>\n<td style=\"height: 62px;width: 14.5288%\" width=\"110\"><span style=\"font-size: 14pt\"><strong>OE NO.<\/strong><\/span><\/td>\n<td style=\"height: 62px;width: 23.5602%\" width=\"180\"><span style=\"font-size: 14pt\"><strong>DESCRIPTION<\/strong><\/span><\/td>\n<td style=\"height: 62px;width: 8.24607%\" width=\"61\"><span style=\"font-size: 14pt\"><strong>QTY<\/strong><\/span><\/td>\n<td style=\"height: 62px;width: 26.7016%\" width=\"180\"><span style=\"font-size: 14pt\"><strong>EXPLANATION<\/strong><\/span><\/td>\n<\/tr>\n<tr style=\"height: 24px\">\n<td style=\"height: 24px;width: 15.1832%\" width=\"117\">ZF<\/td>\n<td style=\"height: 24px;width: 13.3508%\" width=\"103\">ZF<\/td>\n<td style=\"height: 24px;width: 14.5288%\">4474375112<\/td>\n<td style=\"height: 24px;width: 23.5602%\" width=\"180\">REPAIR KIT<\/td>\n<td style=\"height: 24px;width: 8.24607%\" width=\"61\"><\/td>\n<td style=\"height: 24px;width: 26.7016%\" width=\"180\">AKSON PIMI TAMIR<\/td>\n<\/tr>\n<tr style=\"height: 24px\">\n<td style=\"height: 24px;width: 15.1832%\" width=\"117\">TEMSA<\/td>\n<td style=\"height: 24px;width: 13.3508%\" width=\"103\"><\/td>\n<td style=\"height: 24px;width: 14.5288%\" width=\"110\"><\/td>\n<td style=\"height: 24px;width: 23.5602%\" width=\"180\"><\/td>\n<td style=\"height: 24px;width: 8.24607%\" width=\"61\"><\/td>\n<td style=\"height: 24px;width: 26.7016%\" width=\"180\">TAKIMI<\/td>\n<\/tr>\n<tr style=\"height: 24px\">\n<td style=\"height: 24px;width: 15.1832%\" width=\"117\">RL 75 E<\/td>\n<td style=\"height: 24px;width: 13.3508%\" width=\"103\"><\/td>\n<td style=\"height: 24px;width: 14.5288%\" width=\"110\"><\/td>\n<td style=\"height: 24px;width: 23.5602%\" width=\"180\">(ONE WHEEL)<\/td>\n<td style=\"height: 24px;width: 8.24607%\" width=\"61\"><\/td>\n<td style=\"height: 24px;width: 26.7016%\" width=\"180\">(ONE WHEEL)<\/td>\n<\/tr>\n<tr style=\"height: 24px\">\n<td style=\"height: 24px;width: 15.1832%\" width=\"117\">SAF\u0130R<\/td>\n<td style=\"height: 24px;width: 13.3508%\" width=\"103\"><\/td>\n<td style=\"height: 24px;width: 14.5288%\" width=\"110\">4474298384<\/td>\n<td style=\"height: 24px;width: 23.5602%\" width=\"180\"><\/td>\n<td style=\"height: 24px;width: 8.24607%\" width=\"61\"><\/td>\n<td style=\"height: 24px;width: 26.7016%\" width=\"180\"><\/td>\n<\/tr>\n<tr style=\"height: 24px\">\n<td style=\"height: 24px;width: 15.1832%\" width=\"117\">BMC<\/td>\n<td style=\"height: 24px;width: 13.3508%\" width=\"103\"><\/td>\n<td style=\"height: 24px;width: 14.5288%\" width=\"110\"><\/td>\n<td style=\"height: 24px;width: 23.5602%\" width=\"180\">AXLE PIN<\/td>\n<td style=\"height: 48px;text-align: center;width: 8.24607%\" rowspan=\"2\" width=\"61\">1<\/td>\n<td style=\"height: 24px;width: 26.7016%\" width=\"180\">PERNO<\/td>\n<\/tr>\n<tr style=\"height: 24px\">\n<td style=\"height: 24px;width: 15.1832%\" width=\"117\">PROCITY<\/td>\n<td style=\"height: 24px;width: 13.3508%\" width=\"103\"><\/td>\n<td style=\"height: 24px;width: 14.5288%\" width=\"110\">4474375221<\/td>\n<td style=\"height: 24px;width: 23.5602%\" width=\"180\">4474375221<\/td>\n<td style=\"height: 24px;width: 26.7016%\" width=\"180\">\u00d8 50 x 51 x 224<\/td>\n<\/tr>\n<tr style=\"height: 24px\">\n<td style=\"height: 10px;width: 15.1832%\" width=\"117\">OTOKAR<\/p>\n<p>G\u00dcLERY\u00dcZ<\/td>\n<td style=\"height: 10px;width: 13.3508%\" width=\"103\"><\/td>\n<td style=\"height: 10px;width: 14.5288%\" width=\"110\"><\/td>\n<td style=\"height: 10px;width: 23.5602%\" width=\"180\">BEARING<\/td>\n<td style=\"height: 40px;text-align: center;width: 8.24607%\" rowspan=\"2\" width=\"61\">4<\/td>\n<td style=\"height: 10px;width: 26.7016%\" width=\"180\">BOBBIN BALL<\/td>\n<\/tr>\n<tr style=\"height: 30px\">\n<td style=\"height: 30px;width: 15.1832%\" width=\"117\">TEMSA AVENEU<\/td>\n<td style=\"height: 30px;width: 13.3508%\" width=\"103\"><\/td>\n<td style=\"height: 30px;width: 14.5288%\" width=\"110\"><\/td>\n<td style=\"height: 30px;width: 23.5602%\" width=\"180\">0735300973<\/td>\n<td style=\"height: 30px;width: 26.7016%\" width=\"180\">\u00d8 50 x 58 x 25\u00a0 -HN 5025<\/td>\n<\/tr>\n<tr style=\"height: 24px\">\n<td style=\"height: 24px;width: 15.1832%\" width=\"117\"><\/td>\n<td style=\"height: 24px;width: 13.3508%\" width=\"103\"><\/td>\n<td style=\"height: 24px;width: 14.5288%\" width=\"110\"><\/td>\n<td style=\"height: 24px;width: 23.5602%\" width=\"180\">THRUST BEARING<\/td>\n<td style=\"height: 48px;text-align: center;width: 8.24607%\" rowspan=\"2\" width=\"61\">1<\/td>\n<td style=\"height: 24px;width: 26.7016%\" width=\"180\">BASE BALL<\/td>\n<\/tr>\n<tr style=\"height: 24px\">\n<td style=\"height: 24px;width: 15.1832%\" width=\"117\"><\/td>\n<td style=\"height: 24px;width: 13.3508%\" width=\"103\"><\/td>\n<td style=\"height: 24px;width: 14.5288%\" width=\"110\"><\/td>\n<td style=\"height: 24px;width: 23.5602%\" width=\"180\">F-582614 AR<\/td>\n<td style=\"height: 24px;width: 26.7016%\" width=\"180\">\u00d8 50 x 78 x 22-25<\/td>\n<\/tr>\n<tr style=\"height: 24px\">\n<td style=\"height: 24px;width: 15.1832%\" width=\"117\"><\/td>\n<td style=\"height: 24px;width: 13.3508%\" width=\"103\"><\/td>\n<td style=\"height: 24px;width: 14.5288%\" width=\"110\"><\/td>\n<td style=\"height: 24px;width: 23.5602%\" width=\"180\">SEAL<\/td>\n<td style=\"height: 48px;text-align: center;width: 8.24607%\" rowspan=\"2\" width=\"61\">2<\/td>\n<td style=\"height: 24px;width: 26.7016%\" width=\"180\">FELT<\/td>\n<\/tr>\n<tr style=\"height: 24px\">\n<td style=\"height: 24px;width: 15.1832%\" width=\"117\"><\/td>\n<td style=\"height: 24px;width: 13.3508%\" width=\"103\"><\/td>\n<td style=\"height: 24px;width: 14.5288%\" width=\"110\"><\/td>\n<td style=\"height: 24px;width: 23.5602%\" width=\"180\">0734300171<\/td>\n<td style=\"height: 24px;width: 26.7016%\" width=\"180\">\u00d8 50 X 58 X 4<\/td>\n<\/tr>\n<tr style=\"height: 24px\">\n<td style=\"height: 24px;width: 15.1832%\" width=\"117\"><\/td>\n<td style=\"height: 24px;width: 13.3508%\" width=\"103\"><\/td>\n<td style=\"height: 24px;width: 14.5288%\" width=\"110\"><\/td>\n<td style=\"height: 24px;width: 23.5602%\" width=\"180\">PLUG<\/td>\n<td style=\"height: 56px;text-align: center;width: 8.24607%\" rowspan=\"2\" width=\"61\">2<\/td>\n<td style=\"height: 24px;width: 26.7016%\" width=\"180\">STOPPER<\/td>\n<\/tr>\n<tr style=\"height: 32px\">\n<td style=\"height: 32px;width: 15.1832%\" width=\"117\"><\/td>\n<td style=\"height: 32px;width: 13.3508%\" width=\"103\"><\/td>\n<td style=\"height: 32px;width: 14.5288%\" width=\"110\"><\/td>\n<td style=\"height: 32px;width: 23.5602%\" width=\"180\">4474250087<\/td>\n<td style=\"height: 32px;width: 26.7016%\" width=\"180\">\u00d858 x 5 x M8<\/td>\n<\/tr>\n<tr style=\"height: 24px\">\n<td style=\"height: 24px;width: 15.1832%\" width=\"117\"><\/td>\n<td style=\"height: 24px;width: 13.3508%\" width=\"103\"><\/td>\n<td style=\"height: 24px;width: 14.5288%\" width=\"110\"><\/td>\n<td style=\"height: 24px;width: 23.5602%\" width=\"180\">LOCK RING<\/td>\n<td style=\"height: 48px;text-align: center;width: 8.24607%\" rowspan=\"2\" width=\"61\">2<\/td>\n<td style=\"height: 24px;width: 26.7016%\" width=\"180\">RING<\/td>\n<\/tr>\n<tr style=\"height: 24px\">\n<td style=\"height: 24px;width: 15.1832%\" width=\"117\"><\/td>\n<td style=\"height: 24px;width: 13.3508%\" width=\"103\"><\/td>\n<td style=\"height: 24px;width: 14.5288%\" width=\"110\"><\/td>\n<td style=\"height: 24px;width: 23.5602%\" width=\"180\">0630502063<\/td>\n<td style=\"height: 24px;width: 26.7016%\" width=\"180\">472 x 58<\/td>\n<\/tr>\n<tr style=\"height: 24px\">\n<td style=\"height: 24px;width: 15.1832%\" width=\"117\"><\/td>\n<td style=\"height: 24px;width: 13.3508%\" width=\"103\"><\/td>\n<td style=\"height: 24px;width: 14.5288%\" width=\"110\"><\/td>\n<td style=\"height: 24px;width: 23.5602%\" width=\"180\">O-RING<\/td>\n<td style=\"height: 48px;text-align: center;width: 8.24607%\" rowspan=\"2\" width=\"61\">2<\/td>\n<td style=\"height: 24px;width: 26.7016%\" width=\"180\">O-RING<\/td>\n<\/tr>\n<tr style=\"height: 24px\">\n<td style=\"height: 24px;width: 15.1832%\" width=\"117\"><\/td>\n<td style=\"height: 24px;width: 13.3508%\" width=\"103\"><\/td>\n<td style=\"height: 24px;width: 14.5288%\" width=\"110\"><\/td>\n<td style=\"height: 24px;width: 23.5602%\" width=\"180\">634304270<\/td>\n<td style=\"height: 24px;width: 26.7016%\" width=\"180\">\u00d8 52 x\u00a0 3<\/td>\n<\/tr>\n<tr style=\"height: 35px\">\n<td style=\"height: 35px;width: 15.1832%\" width=\"117\"><\/td>\n<td style=\"height: 35px;width: 13.3508%\" width=\"103\"><\/td>\n<td style=\"height: 35px;width: 14.5288%\" width=\"110\"><\/td>\n<td style=\"height: 35px;width: 23.5602%\" width=\"180\">LUBRICATOR<\/td>\n<td style=\"height: 59px;text-align: center;width: 8.24607%\" rowspan=\"2\" width=\"61\">2<\/td>\n<td style=\"height: 35px;width: 26.7016%\" width=\"180\">GRASORLUK<\/td>\n<\/tr>\n<tr style=\"height: 24px\">\n<td style=\"height: 24px;width: 15.1832%\" width=\"117\"><\/td>\n<td style=\"height: 24px;width: 13.3508%\" width=\"103\"><\/td>\n<td style=\"height: 24px;width: 14.5288%\" width=\"110\"><\/td>\n<td style=\"height: 24px;width: 23.5602%\" width=\"180\">632604008<\/td>\n<td style=\"height: 24px;width: 26.7016%\" width=\"180\">M8 x 1 x 45\u00b0<\/td>\n<\/tr>\n<\/tbody>\n<\/table>","protected":false},"excerpt":{"rendered":"<p>MODEL AXLE O.E. NO. DESCRIPTION QTY A\u00c7IKLAMA ZF ZF 4474375112 REPAIR KIT AKSON PIMI TAMIR TEMSA TAKIMI RL 75 E (ONE WHEEL) (TEK TEKER) SAF\u0130R 4474298384 BMC AXLE PIN 1 PERNO PROCITY 4474375221 4474375221 \u00d8 50 x 51 x 224 OTOKAR G\u00dcLERY\u00dcZ BEARING 4 MASURA B\u0130LYA TEMSA AVENEU 0735300973 \u00d8 50 x 58 x 25\u00a0 [&hellip;]<\/p>","protected":false},"featured_media":18746,"comment_status":"open","ping_status":"closed","template":"","meta":{"om_disable_all_campaigns":false,"_monsterinsights_skip_tracking":false,"_monsterinsights_sitenote_active":false,"_monsterinsights_sitenote_note":"","_monsterinsights_sitenote_category":0},"product_cat":[95,152,151],"product_tag":[],"_links":{"self":[{"href":"https:\/\/argotomotiv.com.tr\/en\/wp-json\/wp\/v2\/product\/18745"}],"collection":[{"href":"https:\/\/argotomotiv.com.tr\/en\/wp-json\/wp\/v2\/product"}],"about":[{"href":"https:\/\/argotomotiv.com.tr\/en\/wp-json\/wp\/v2\/types\/product"}],"replies":[{"embeddable":true,"href":"https:\/\/argotomotiv.com.tr\/en\/wp-json\/wp\/v2\/comments?post=18745"}],"wp:featuredmedia":[{"embeddable":true,"href":"https:\/\/argotomotiv.com.tr\/en\/wp-json\/wp\/v2\/media\/18746"}],"wp:attachment":[{"href":"https:\/\/argotomotiv.com.tr\/en\/wp-json\/wp\/v2\/media?parent=18745"}],"wp:term":[{"taxonomy":"product_cat","embeddable":true,"href":"https:\/\/argotomotiv.com.tr\/en\/wp-json\/wp\/v2\/product_cat?post=18745"},{"taxonomy":"product_tag","embeddable":true,"href":"https:\/\/argotomotiv.com.tr\/en\/wp-json\/wp\/v2\/product_tag?post=18745"}],"curies":[{"name":"wp","href":"https:\/\/api.w.org\/{rel}","templated":true}]}}