{"id":18736,"date":"2024-11-29T13:02:08","date_gmt":"2024-11-29T10:02:08","guid":{"rendered":"https:\/\/argotomotiv.com.tr\/?post_type=product&#038;p=18736"},"modified":"2024-11-29T18:42:40","modified_gmt":"2024-11-29T15:42:40","slug":"a-r-g-909","status":"publish","type":"product","link":"https:\/\/argotomotiv.com.tr\/en\/product\/a-r-g-909\/","title":{"rendered":"A.R.G. 909 (98100909)"},"content":{"rendered":"","protected":false},"excerpt":{"rendered":"<table style=\"width: 51.2492%;height: 620px\" width=\"751\">\n<tbody>\n<tr style=\"height: 47px\">\n<td style=\"width: 14.0592%;height: 68px\" width=\"117\"><span style=\"font-size: 14pt\">MODEL<\/span><\/td>\n<td style=\"width: 8.36281%;height: 68px\" width=\"103\"><span style=\"font-size: 14pt\">AXLE<\/span><\/td>\n<td style=\"width: 14.7175%;height: 68px\" width=\"110\"><span style=\"font-size: 14pt\">OE NO.<\/span><\/td>\n<td style=\"width: 26.0908%;height: 68px\" width=\"180\"><span style=\"font-size: 14pt\">DESCRIPTION<\/span><\/td>\n<td style=\"width: 5.71453%;height: 68px\" width=\"61\"><span style=\"font-size: 14pt\">QTY<\/span><\/td>\n<td style=\"width: 26.229%;height: 68px\" width=\"180\"><span style=\"font-size: 14pt\">EXPLANATION<\/span><\/td>\n<\/tr>\n<tr style=\"height: 48px\">\n<td style=\"width: 14.0592%;height: 48px\">IVECO<\/td>\n<td style=\"width: 8.36281%;height: 48px\"><\/td>\n<td style=\"width: 14.7175%;height: 48px\">98100909<\/td>\n<td style=\"width: 26.0908%;height: 48px\" width=\"180\">REPAIR KIT<\/td>\n<td style=\"text-align: center;width: 5.71453%;height: 48px\" width=\"61\"><\/td>\n<td style=\"width: 26.229%;height: 48px\" width=\"180\">AKSON TAMIR TAKIMI<\/td>\n<\/tr>\n<tr style=\"height: 24px\">\n<td style=\"width: 14.0592%;height: 24px\">ASTRA<\/td>\n<td style=\"width: 8.36281%;height: 24px\"><\/td>\n<td style=\"width: 14.7175%;height: 24px\">100909<\/td>\n<td style=\"width: 26.0908%;height: 24px\" width=\"180\">(ONE WHEEL)<\/td>\n<td style=\"text-align: center;width: 5.71453%;height: 24px\" width=\"61\"><\/td>\n<td style=\"width: 26.229%;height: 24px\">(ONE WHEEL)<\/td>\n<\/tr>\n<tr style=\"height: 24px\">\n<td style=\"width: 14.0592%;height: 24px\"><\/td>\n<td style=\"width: 8.36281%;height: 24px\"><\/td>\n<td style=\"width: 14.7175%;height: 24px\"><\/td>\n<td style=\"width: 26.0908%;height: 24px\" width=\"180\">KING PIN<\/td>\n<td style=\"text-align: center;width: 5.71453%;height: 48px\" rowspan=\"2\" width=\"61\">1<\/td>\n<td style=\"width: 26.229%;height: 24px\" width=\"180\">PERNO<\/td>\n<\/tr>\n<tr style=\"height: 24px\">\n<td style=\"width: 14.0592%;height: 24px\"><\/td>\n<td style=\"width: 8.36281%;height: 24px\"><\/td>\n<td style=\"width: 14.7175%;height: 24px\"><\/td>\n<td style=\"width: 26.0908%;height: 24px\" width=\"180\"><\/td>\n<td style=\"width: 26.229%;height: 24px\">\u00d8 46 x 245<\/td>\n<\/tr>\n<tr style=\"height: 24px\">\n<td style=\"width: 14.0592%;height: 24px\"><\/td>\n<td style=\"width: 8.36281%;height: 24px\"><\/td>\n<td style=\"width: 14.7175%;height: 24px\"><\/td>\n<td style=\"width: 26.0908%;height: 24px\" width=\"180\">BEARING<\/td>\n<td style=\"text-align: center;width: 5.71453%;height: 48px\" rowspan=\"2\">1<\/td>\n<td style=\"width: 26.229%;height: 24px\" width=\"180\">RULMAN<\/td>\n<\/tr>\n<tr style=\"height: 24px\">\n<td style=\"width: 14.0592%;height: 24px\"><\/td>\n<td style=\"width: 8.36281%;height: 24px\"><\/td>\n<td style=\"width: 14.7175%;height: 24px\"><\/td>\n<td style=\"width: 26.0908%;height: 24px\" width=\"180\">R 11406 &#8211; 4191 J15<\/td>\n<td style=\"width: 26.229%;height: 24px\">\u00d8 46,3 x 83 x 23,8<\/td>\n<\/tr>\n<tr style=\"height: 24px\">\n<td style=\"width: 14.0592%;height: 24px\"><\/td>\n<td style=\"width: 8.36281%;height: 24px\"><\/td>\n<td style=\"width: 14.7175%;height: 24px\"><\/td>\n<td style=\"width: 26.0908%;height: 24px\" width=\"180\">BUSH &#8211; FLEX<\/td>\n<td style=\"text-align: center;width: 5.71453%;height: 48px\" rowspan=\"2\">2<\/td>\n<td style=\"width: 26.229%;height: 24px\" width=\"180\">BUR\u00c7 &#8211; \u00c7EL\u0130K<\/td>\n<\/tr>\n<tr style=\"height: 24px\">\n<td style=\"width: 14.0592%;height: 24px\"><\/td>\n<td style=\"width: 8.36281%;height: 24px\"><\/td>\n<td style=\"width: 14.7175%;height: 24px\"><\/td>\n<td style=\"width: 26.0908%;height: 24px\">\u00d8 46,4 x 52,75 x 55<\/td>\n<td style=\"width: 26.229%;height: 24px\">\u00d8 46,15 x 52,10 x 55<\/td>\n<\/tr>\n<tr style=\"height: 24px\">\n<td style=\"width: 14.0592%;height: 24px\"><\/td>\n<td style=\"width: 8.36281%;height: 24px\"><\/td>\n<td style=\"width: 14.7175%;height: 24px\"><\/td>\n<td style=\"width: 26.0908%;height: 24px\" width=\"180\">SEAL<\/td>\n<td style=\"text-align: center;width: 5.71453%;height: 48px\" rowspan=\"2\" width=\"61\">1<\/td>\n<td style=\"width: 26.229%;height: 24px\" width=\"180\">TOZ KE\u00c7E<\/td>\n<\/tr>\n<tr style=\"height: 24px\">\n<td style=\"width: 14.0592%;height: 24px\"><\/td>\n<td style=\"width: 8.36281%;height: 24px\"><\/td>\n<td style=\"width: 14.7175%;height: 24px\"><\/td>\n<td style=\"width: 26.0908%;height: 24px\" width=\"180\"><\/td>\n<td style=\"width: 26.229%;height: 24px\">\u00d8 84 x 92 x 25,5<\/td>\n<\/tr>\n<tr style=\"height: 24px\">\n<td style=\"width: 14.0592%;height: 24px\"><\/td>\n<td style=\"width: 8.36281%;height: 24px\"><\/td>\n<td style=\"width: 14.7175%;height: 24px\"><\/td>\n<td style=\"width: 26.0908%;height: 24px\" width=\"180\">WASHER<\/td>\n<td style=\"text-align: center;width: 5.71453%;height: 48px\" rowspan=\"2\" width=\"61\">4<\/td>\n<td style=\"width: 26.229%;height: 24px\" width=\"180\">WASHER<\/td>\n<\/tr>\n<tr style=\"height: 24px\">\n<td style=\"width: 14.0592%;height: 24px\" width=\"117\"><\/td>\n<td style=\"width: 8.36281%;height: 24px\" width=\"103\"><\/td>\n<td style=\"width: 14.7175%;height: 24px\" width=\"110\"><\/td>\n<td style=\"width: 26.0908%;height: 24px\" width=\"180\"><\/td>\n<td style=\"width: 26.229%;height: 24px\">\u00d8 46,5 x 85 (0,8-1-1,2-1,5)<\/td>\n<\/tr>\n<tr style=\"height: 24px\">\n<td style=\"width: 14.0592%;height: 24px\" width=\"117\"><\/td>\n<td style=\"width: 8.36281%;height: 24px\" width=\"103\"><\/td>\n<td style=\"width: 14.7175%;height: 24px\" width=\"110\"><\/td>\n<td style=\"width: 26.0908%;height: 24px\" width=\"180\">PLUG<\/td>\n<td style=\"text-align: center;width: 5.71453%;height: 48px\" rowspan=\"2\" width=\"61\">1<\/td>\n<td style=\"width: 26.229%;height: 24px\" width=\"180\">STOPPER<\/td>\n<\/tr>\n<tr style=\"height: 24px\">\n<td style=\"width: 14.0592%;height: 24px\" width=\"117\"><\/td>\n<td style=\"width: 8.36281%;height: 24px\" width=\"103\"><\/td>\n<td style=\"width: 14.7175%;height: 24px\" width=\"110\"><\/td>\n<td style=\"width: 26.0908%;height: 24px\" width=\"180\"><\/td>\n<td style=\"width: 26.229%;height: 24px\">\u00d8 51 x 1,5<\/td>\n<\/tr>\n<tr style=\"height: 24px\">\n<td style=\"width: 14.0592%;height: 24px\" width=\"117\"><\/td>\n<td style=\"width: 8.36281%;height: 24px\" width=\"103\"><\/td>\n<td style=\"width: 14.7175%;height: 24px\" width=\"110\"><\/td>\n<td style=\"width: 26.0908%;height: 24px\" width=\"180\">LOCK RING<\/td>\n<td style=\"text-align: center;width: 5.71453%;height: 48px\" rowspan=\"2\" width=\"61\">1<\/td>\n<td style=\"width: 26.229%;height: 24px\">RING<\/td>\n<\/tr>\n<tr style=\"height: 24px\">\n<td style=\"width: 14.0592%;height: 24px\" width=\"117\"><\/td>\n<td style=\"width: 8.36281%;height: 24px\" width=\"103\"><\/td>\n<td style=\"width: 14.7175%;height: 24px\" width=\"110\"><\/td>\n<td style=\"width: 26.0908%;height: 24px\" width=\"180\"><\/td>\n<td style=\"width: 26.229%;height: 24px\" width=\"180\">472 x 52<\/td>\n<\/tr>\n<tr style=\"height: 24px\">\n<td style=\"width: 14.0592%;height: 24px\" width=\"117\"><\/td>\n<td style=\"width: 8.36281%;height: 24px\" width=\"103\"><\/td>\n<td style=\"width: 14.7175%;height: 24px\" width=\"110\"><\/td>\n<td style=\"width: 26.0908%;height: 24px\" width=\"180\">COTTER PIN<\/td>\n<td style=\"text-align: center;width: 5.71453%;height: 48px\" rowspan=\"2\" width=\"61\">1<\/td>\n<td style=\"width: 26.229%;height: 24px\" width=\"180\">KAMA + SOMUN<\/td>\n<\/tr>\n<tr style=\"height: 24px\">\n<td style=\"width: 14.0592%;height: 24px\" width=\"117\"><\/td>\n<td style=\"width: 8.36281%;height: 24px\" width=\"103\"><\/td>\n<td style=\"width: 14.7175%;height: 24px\" width=\"110\"><\/td>\n<td style=\"width: 26.0908%;height: 24px\" width=\"180\"><\/td>\n<td style=\"width: 26.229%;height: 24px\">\u00d8 16 x 125\u00a0 M12(25)<\/td>\n<\/tr>\n<tr style=\"height: 24px\">\n<td style=\"width: 14.0592%;height: 24px\"><\/td>\n<td style=\"width: 8.36281%;height: 24px\" width=\"103\"><\/td>\n<td style=\"width: 14.7175%;height: 24px\" width=\"110\"><\/td>\n<td style=\"width: 26.0908%;height: 24px\" width=\"180\">THE RING<\/td>\n<td style=\"text-align: center;width: 5.71453%;height: 48px\" rowspan=\"2\" width=\"61\">2<\/td>\n<td style=\"width: 26.229%;height: 24px\" width=\"180\">THE RING<\/td>\n<\/tr>\n<tr style=\"height: 24px\">\n<td style=\"width: 14.0592%;height: 24px\"><\/td>\n<td style=\"width: 8.36281%;height: 24px\" width=\"103\"><\/td>\n<td style=\"width: 14.7175%;height: 24px\" width=\"110\"><\/td>\n<td style=\"width: 26.0908%;height: 24px\" width=\"180\"><\/td>\n<td style=\"width: 26.229%;height: 24px\">\u00d8 46 x 4<\/td>\n<\/tr>\n<\/tbody>\n<\/table>","protected":false},"featured_media":18737,"comment_status":"open","ping_status":"closed","template":"","meta":{"om_disable_all_campaigns":false,"_monsterinsights_skip_tracking":false,"_monsterinsights_sitenote_active":false,"_monsterinsights_sitenote_note":"","_monsterinsights_sitenote_category":0},"product_cat":[86],"product_tag":[],"_links":{"self":[{"href":"https:\/\/argotomotiv.com.tr\/en\/wp-json\/wp\/v2\/product\/18736"}],"collection":[{"href":"https:\/\/argotomotiv.com.tr\/en\/wp-json\/wp\/v2\/product"}],"about":[{"href":"https:\/\/argotomotiv.com.tr\/en\/wp-json\/wp\/v2\/types\/product"}],"replies":[{"embeddable":true,"href":"https:\/\/argotomotiv.com.tr\/en\/wp-json\/wp\/v2\/comments?post=18736"}],"wp:featuredmedia":[{"embeddable":true,"href":"https:\/\/argotomotiv.com.tr\/en\/wp-json\/wp\/v2\/media\/18737"}],"wp:attachment":[{"href":"https:\/\/argotomotiv.com.tr\/en\/wp-json\/wp\/v2\/media?parent=18736"}],"wp:term":[{"taxonomy":"product_cat","embeddable":true,"href":"https:\/\/argotomotiv.com.tr\/en\/wp-json\/wp\/v2\/product_cat?post=18736"},{"taxonomy":"product_tag","embeddable":true,"href":"https:\/\/argotomotiv.com.tr\/en\/wp-json\/wp\/v2\/product_tag?post=18736"}],"curies":[{"name":"wp","href":"https:\/\/api.w.org\/{rel}","templated":true}]}}