{"id":18654,"date":"2022-10-24T14:46:12","date_gmt":"2022-10-24T11:46:12","guid":{"rendered":"https:\/\/argotomotiv.com.tr\/?post_type=product&#038;p=18654"},"modified":"2026-03-23T14:49:52","modified_gmt":"2026-03-23T11:49:52","slug":"referans-list-oem-no-kopya","status":"publish","type":"product","link":"https:\/\/argotomotiv.com.tr\/en\/product\/referans-list-oem-no-kopya\/","title":{"rendered":"D\u0130NG\u0130L TAM\u0130R TAKIMI"},"content":{"rendered":"<h2><\/h2>","protected":false},"excerpt":{"rendered":"","protected":false},"featured_media":18452,"comment_status":"open","ping_status":"closed","template":"","meta":{"om_disable_all_campaigns":false,"_monsterinsights_skip_tracking":false,"_monsterinsights_sitenote_active":false,"_monsterinsights_sitenote_note":"","_monsterinsights_sitenote_category":0},"product_cat":[81],"product_tag":[],"_links":{"self":[{"href":"https:\/\/argotomotiv.com.tr\/en\/wp-json\/wp\/v2\/product\/18654"}],"collection":[{"href":"https:\/\/argotomotiv.com.tr\/en\/wp-json\/wp\/v2\/product"}],"about":[{"href":"https:\/\/argotomotiv.com.tr\/en\/wp-json\/wp\/v2\/types\/product"}],"replies":[{"embeddable":true,"href":"https:\/\/argotomotiv.com.tr\/en\/wp-json\/wp\/v2\/comments?post=18654"}],"wp:featuredmedia":[{"embeddable":true,"href":"https:\/\/argotomotiv.com.tr\/en\/wp-json\/wp\/v2\/media\/18452"}],"wp:attachment":[{"href":"https:\/\/argotomotiv.com.tr\/en\/wp-json\/wp\/v2\/media?parent=18654"}],"wp:term":[{"taxonomy":"product_cat","embeddable":true,"href":"https:\/\/argotomotiv.com.tr\/en\/wp-json\/wp\/v2\/product_cat?post=18654"},{"taxonomy":"product_tag","embeddable":true,"href":"https:\/\/argotomotiv.com.tr\/en\/wp-json\/wp\/v2\/product_tag?post=18654"}],"curies":[{"name":"wp","href":"https:\/\/api.w.org\/{rel}","templated":true}]}}