{"id":18483,"date":"2022-09-26T17:33:00","date_gmt":"2022-09-26T14:33:00","guid":{"rendered":"https:\/\/argotomotiv.com.tr\/?post_type=product&#038;p=18483"},"modified":"2024-02-29T19:52:20","modified_gmt":"2024-02-29T16:52:20","slug":"a-r-g-140","status":"publish","type":"product","link":"https:\/\/argotomotiv.com.tr\/en\/product\/a-r-g-140\/","title":{"rendered":"A.R.G.140 (1912140)"},"content":{"rendered":"","protected":false},"excerpt":{"rendered":"<table class=\"MaviPikselTablo\" style=\"width: 86.1618%;height: 471px\">\n<tbody>\n<tr style=\"height: 24px\">\n<th style=\"width: 23.3748%;height: 24px\">MODEL<\/th>\n<th style=\"width: 4.28588%;height: 24px\">AXLE<\/th>\n<th style=\"width: 16.4626%;height: 24px\">OEM NO.<\/th>\n<th style=\"width: 23.0499%;height: 24px\">DESCRIPTION<\/th>\n<th style=\"width: 1.42248%;height: 24px\">QTY<\/th>\n<th style=\"width: 50.517%;height: 24px\">EXPLANATION<\/th>\n<\/tr>\n<tr style=\"height: 72px\">\n<td style=\"width: 23.3748%;height: 447px\" rowspan=\"9\" valign=\"top\">\n<p align=\"left\">P, G, R, T, Seri 4<\/p>\n<p align=\"left\">TRUCK<\/p>\n<p align=\"left\">F, K, N, Seri 4<\/p>\n<p align=\"left\">BUS<\/p>\n<\/td>\n<td style=\"width: 4.28588%;height: 447px\" rowspan=\"9\" valign=\"top\">\n<p align=\"left\">\n<\/td>\n<td style=\"width: 16.4626%;height: 447px\" rowspan=\"9\" valign=\"top\">1405343<\/p>\n<p>&nbsp;<\/p>\n<p>1912140<\/p>\n<p>040.599<\/td>\n<td style=\"width: 23.0499%;height: 72px\">REPAIR KIT<\/p>\n<p>(ONE WHEEL)<\/td>\n<td style=\"width: 1.42248%;height: 72px\"><\/td>\n<td style=\"width: 50.517%;height: 72px\">AXON PIN REPAIR KIT<\/p>\n<p>(ONE WHEEL)<\/td>\n<\/tr>\n<tr style=\"height: 48px\">\n<td style=\"width: 23.0499%;height: 39px\">KING PIN<\/p>\n<p>1403808<\/td>\n<td style=\"width: 1.42248%;height: 39px;text-align: center\">1<\/td>\n<td style=\"width: 50.517%;height: 39px\">PIN<\/p>\n<p>\u00d8 40 x 55 &#8211; 224<\/td>\n<\/tr>\n<tr style=\"height: 48px\">\n<td style=\"width: 23.0499%;height: 48px\">BEARING<\/p>\n<p>&nbsp;<\/td>\n<td style=\"width: 1.42248%;height: 48px;text-align: center\">1<\/td>\n<td style=\"width: 50.517%;height: 48px\">BASIN\u00c7 YATA\u011eI<\/p>\n<p>\u00d8 40 x 85 &#8211; 37<\/td>\n<\/tr>\n<tr style=\"height: 48px\">\n<td style=\"width: 23.0499%;height: 48px\">BUSH<\/td>\n<td style=\"width: 1.42248%;height: 48px;text-align: center\">1<\/td>\n<td style=\"width: 50.517%;height: 48px\">HOROSCOPE<\/p>\n<p>\u00d8 85 x 90 &#8211; 29<\/td>\n<\/tr>\n<tr style=\"height: 48px\">\n<td style=\"width: 23.0499%;height: 48px\">THRUST WASHER<\/td>\n<td style=\"width: 1.42248%;height: 48px;text-align: center\">1<\/td>\n<td style=\"width: 50.517%;height: 48px\">FRICTION PLATE<\/p>\n<p>\u00d8 53 x 63,5 x 2,5<\/td>\n<\/tr>\n<tr style=\"height: 48px\">\n<td style=\"width: 23.0499%;height: 48px\">LUBRICATOR<\/td>\n<td style=\"width: 1.42248%;height: 48px;text-align: center\">1<\/td>\n<td style=\"width: 50.517%;height: 48px\">GRASER HOUSING<\/p>\n<p>M10 &#8211; H1 (D\u00fcz)<\/td>\n<\/tr>\n<tr style=\"height: 48px\">\n<td style=\"width: 23.0499%;height: 48px\">PLUG<\/td>\n<td style=\"width: 1.42248%;height: 48px;text-align: center\">1<\/td>\n<td style=\"width: 50.517%;height: 48px\">STOPPER<\/p>\n<p>\u00d8 53 x 15<\/td>\n<\/tr>\n<tr style=\"height: 48px\">\n<td style=\"width: 23.0499%;height: 48px\">WASHER<\/td>\n<td style=\"width: 1.42248%;height: 48px;text-align: center\">3<\/td>\n<td style=\"width: 50.517%;height: 48px\">WASHER<\/p>\n<p>\u00d8 24 (0,2-0,8-2,0)<\/td>\n<\/tr>\n<tr style=\"height: 48px\">\n<td style=\"width: 23.0499%;height: 48px\">O-RING<\/td>\n<td style=\"width: 1.42248%;height: 48px;text-align: center\">1<\/td>\n<td style=\"width: 50.517%;height: 48px\">O &#8211; R\u0130NG (K\u00dc\u00c7\u00dcK)<\/p>\n<p>\u00d8 84 x 3<\/td>\n<\/tr>\n<\/tbody>\n<\/table>","protected":false},"featured_media":18634,"comment_status":"open","ping_status":"closed","template":"","meta":{"om_disable_all_campaigns":false,"_monsterinsights_skip_tracking":false,"_monsterinsights_sitenote_active":false,"_monsterinsights_sitenote_note":"","_monsterinsights_sitenote_category":0},"product_cat":[90],"product_tag":[],"_links":{"self":[{"href":"https:\/\/argotomotiv.com.tr\/en\/wp-json\/wp\/v2\/product\/18483"}],"collection":[{"href":"https:\/\/argotomotiv.com.tr\/en\/wp-json\/wp\/v2\/product"}],"about":[{"href":"https:\/\/argotomotiv.com.tr\/en\/wp-json\/wp\/v2\/types\/product"}],"replies":[{"embeddable":true,"href":"https:\/\/argotomotiv.com.tr\/en\/wp-json\/wp\/v2\/comments?post=18483"}],"wp:featuredmedia":[{"embeddable":true,"href":"https:\/\/argotomotiv.com.tr\/en\/wp-json\/wp\/v2\/media\/18634"}],"wp:attachment":[{"href":"https:\/\/argotomotiv.com.tr\/en\/wp-json\/wp\/v2\/media?parent=18483"}],"wp:term":[{"taxonomy":"product_cat","embeddable":true,"href":"https:\/\/argotomotiv.com.tr\/en\/wp-json\/wp\/v2\/product_cat?post=18483"},{"taxonomy":"product_tag","embeddable":true,"href":"https:\/\/argotomotiv.com.tr\/en\/wp-json\/wp\/v2\/product_tag?post=18483"}],"curies":[{"name":"wp","href":"https:\/\/api.w.org\/{rel}","templated":true}]}}