{"id":18481,"date":"2022-09-26T17:30:04","date_gmt":"2022-09-26T14:30:04","guid":{"rendered":"https:\/\/argotomotiv.com.tr\/?post_type=product&#038;p=18481"},"modified":"2024-03-11T08:34:28","modified_gmt":"2024-03-11T05:34:28","slug":"a-r-g-870","status":"publish","type":"product","link":"https:\/\/argotomotiv.com.tr\/en\/product\/a-r-g-870\/","title":{"rendered":"A.R.G.870 (7485133870 S)"},"content":{"rendered":"","protected":false},"excerpt":{"rendered":"<table class=\"MaviPikselTablo\" style=\"width: 96.5651%;height: 648px\">\n<tbody>\n<tr style=\"height: 24px\">\n<th style=\"height: 24px;width: 16.932%\">MODEL<\/th>\n<th style=\"height: 24px;width: 5.06512%\">AXLE<\/th>\n<th style=\"height: 24px;width: 19.4911%\">OE NO.<\/th>\n<th style=\"height: 24px;width: 25.2876%\">DESCRIPTION<\/th>\n<th style=\"height: 24px;width: 4.91476%\">QTY<\/th>\n<th style=\"height: 24px;width: 53.1802%\">EXPLANATION<\/th>\n<\/tr>\n<tr style=\"height: 96px\">\n<td style=\"height: 96px;width: 16.932%\" rowspan=\"9\" valign=\"top\">\n<p align=\"left\">Kerax RVI<\/p>\n<p align=\"left\">Premium RVI<\/p>\n<p>C Serisi<\/p>\n<p>RVI<\/td>\n<td style=\"height: 624px;width: 5.06512%\" rowspan=\"9\" valign=\"top\">\n<p align=\"left\">\n<\/td>\n<td style=\"height: 624px;width: 19.4911%\" rowspan=\"9\" valign=\"top\">\n<p align=\"left\">7485 133 870 S<\/p>\n<p align=\"left\">080.708<\/p>\n<\/td>\n<td style=\"height: 96px;width: 25.2876%;text-align: center\">\n<p style=\"text-align: left\">REPAIR KIT<\/p>\n<p style=\"text-align: left\">(ONE WHEEL)<\/p>\n<\/td>\n<td style=\"height: 96px;width: 4.91476%;text-align: center\">1\/2 SET<\/td>\n<td style=\"height: 96px;width: 53.1802%\">\n<p style=\"text-align: left\">AXON PIN REPAIR KIT<\/p>\n<p style=\"text-align: left\">(ONE WHEEL)<\/p>\n<\/td>\n<\/tr>\n<tr style=\"height: 48px\">\n<td style=\"height: 48px;width: 25.2876%;text-align: left\">KING PIN<\/p>\n<p>7420 590 486<\/td>\n<td style=\"height: 48px;width: 4.91476%;text-align: center\">1<\/td>\n<td style=\"height: 48px;width: 53.1802%\">PERNO<br \/>\n\u00d860 X 40 X 227<\/td>\n<\/tr>\n<tr>\n<td style=\"width: 25.2876%;text-align: left\">BUSH<\/p>\n<p>7421416557<\/td>\n<td style=\"width: 4.91476%;text-align: center\">1<\/td>\n<td style=\"width: 53.1802%\">BUR\u00c7 BRONZ<br \/>\n\u00d860 X 65 X 50,5<\/td>\n<\/tr>\n<tr style=\"height: 48px\">\n<td style=\"height: 48px;width: 25.2876%\">OIL SEAL<\/p>\n<p>3173774<\/td>\n<td style=\"height: 48px;width: 4.91476%;text-align: center\">1<\/td>\n<td style=\"height: 48px;width: 53.1802%\">YA\u011e KE\u00c7ES\u0130 &#8211; 3063 FH<br \/>\n\u00d848,5 X 73,20 X 11<\/td>\n<\/tr>\n<tr style=\"height: 48px\">\n<td style=\"height: 48px;width: 25.2876%\">OIL SEAL<\/p>\n<p>3173775<\/td>\n<td style=\"height: 48px;width: 4.91476%;text-align: center\">1<\/td>\n<td style=\"height: 48px;width: 53.1802%\">YA\u011e KE\u00c7ES\u0130 &#8211; 3062 FH<br \/>\n\u00d850 X 72 X 7,5<\/td>\n<\/tr>\n<tr style=\"height: 48px\">\n<td style=\"height: 48px;width: 25.2876%\">BEAR\u0130NG<\/p>\n<p>20545123 &#8211; BT1-0097 F<\/td>\n<td style=\"height: 48px;width: 4.91476%;text-align: center\">1<\/td>\n<td style=\"height: 48px;width: 53.1802%\">B\u0130LYA (3173772)<br \/>\n\u00d8 40 X 90 X 41<\/td>\n<\/tr>\n<tr style=\"height: 48px\">\n<td style=\"height: 48px;width: 25.2876%\">NUT<\/p>\n<p>1075914<\/td>\n<td style=\"height: 48px;width: 4.91476%;text-align: center\">1<\/td>\n<td style=\"height: 48px;width: 53.1802%\">NUT<br \/>\nAA 60 x 19 M 40<\/td>\n<\/tr>\n<tr style=\"height: 48px\">\n<td style=\"height: 48px;width: 25.2876%\">SHIM<\/td>\n<td style=\"height: 48px;width: 4.91476%;text-align: center\">3<\/td>\n<td style=\"height: 48px;width: 53.1802%\">SHIM<br \/>\n70 X 90 (0,10-0,15-0,20)<\/td>\n<\/tr>\n<tr style=\"height: 48px\">\n<td style=\"height: 48px;width: 25.2876%\">SPLIT PIN<\/td>\n<td style=\"height: 48px;width: 4.91476%;text-align: center\">1<\/td>\n<td style=\"height: 48px;width: 53.1802%\">COPY<\/p>\n<p>\u00d85*70<\/td>\n<\/tr>\n<\/tbody>\n<\/table>","protected":false},"featured_media":18603,"comment_status":"open","ping_status":"closed","template":"","meta":{"om_disable_all_campaigns":false,"_monsterinsights_skip_tracking":false,"_monsterinsights_sitenote_active":false,"_monsterinsights_sitenote_note":"","_monsterinsights_sitenote_category":0},"product_cat":[91],"product_tag":[],"_links":{"self":[{"href":"https:\/\/argotomotiv.com.tr\/en\/wp-json\/wp\/v2\/product\/18481"}],"collection":[{"href":"https:\/\/argotomotiv.com.tr\/en\/wp-json\/wp\/v2\/product"}],"about":[{"href":"https:\/\/argotomotiv.com.tr\/en\/wp-json\/wp\/v2\/types\/product"}],"replies":[{"embeddable":true,"href":"https:\/\/argotomotiv.com.tr\/en\/wp-json\/wp\/v2\/comments?post=18481"}],"wp:featuredmedia":[{"embeddable":true,"href":"https:\/\/argotomotiv.com.tr\/en\/wp-json\/wp\/v2\/media\/18603"}],"wp:attachment":[{"href":"https:\/\/argotomotiv.com.tr\/en\/wp-json\/wp\/v2\/media?parent=18481"}],"wp:term":[{"taxonomy":"product_cat","embeddable":true,"href":"https:\/\/argotomotiv.com.tr\/en\/wp-json\/wp\/v2\/product_cat?post=18481"},{"taxonomy":"product_tag","embeddable":true,"href":"https:\/\/argotomotiv.com.tr\/en\/wp-json\/wp\/v2\/product_tag?post=18481"}],"curies":[{"name":"wp","href":"https:\/\/api.w.org\/{rel}","templated":true}]}}