{"id":18096,"date":"2022-02-03T00:53:13","date_gmt":"2022-02-02T21:53:13","guid":{"rendered":"https:\/\/argotomotiv.com.tr\/?post_type=product&#038;p=18096"},"modified":"2024-03-09T13:01:44","modified_gmt":"2024-03-09T10:01:44","slug":"a-r-g-69-1","status":"publish","type":"product","link":"https:\/\/argotomotiv.com.tr\/en\/product\/a-r-g-69-1\/","title":{"rendered":"A.R.G.69-1 (0683466)"},"content":{"rendered":"","protected":false},"excerpt":{"rendered":"<table class=\"MaviPikselTablo\" style=\"width: 87.4592%\">\n<tbody>\n<tr>\n<th style=\"width: 13.7662%\" width=\"101\">MODEL<\/th>\n<th style=\"width: 12.2078%\" width=\"103\">AXLE<\/th>\n<th style=\"width: 22.8571%\" width=\"96\">OEM NO.<\/th>\n<th style=\"width: 16.7532%\" width=\"124\">DESCRIPTION<\/th>\n<th style=\"width: 5.19481%\" width=\"32\">QTY<\/th>\n<th style=\"width: 27.9221%\" width=\"210\">EXPLANATION<\/th>\n<\/tr>\n<tr>\n<td style=\"width: 13.7662%\" rowspan=\"9\" valign=\"top\">\n<p align=\"left\">45 LF<\/p>\n<p align=\"left\">CF 85<\/p>\n<p align=\"left\">F 48<\/p>\n<p align=\"left\">55 LF<\/p>\n<\/td>\n<td style=\"width: 12.2078%\" rowspan=\"9\" valign=\"top\"><\/td>\n<td style=\"width: 22.8571%\" rowspan=\"9\" valign=\"top\">0683466<br \/>\n06835901895528<\/p>\n<p>KPK W028<\/p>\n<p>KPK W029<\/p>\n<p>1400095<\/p>\n<p>050.624<\/td>\n<td style=\"width: 16.7532%\">REPAIR KIT<br \/>\n(ONE WHEEL)<\/td>\n<td style=\"width: 5.19481%\"><\/td>\n<td style=\"width: 27.9221%\">AXON PIN REPAIR KIT<\/p>\n<p>(ONE WHEEL)<\/td>\n<\/tr>\n<tr>\n<td style=\"width: 16.7532%\">KING PIN<\/p>\n<p>1400095<\/td>\n<td style=\"width: 5.19481%\">1<\/td>\n<td style=\"width: 27.9221%\">PIN<br \/>\n\u00d832 x 40 x 171.5<\/td>\n<\/tr>\n<tr>\n<td style=\"width: 16.7532%\">BEARING<br \/>\nHK 4020ACU 9342<\/td>\n<td style=\"width: 5.19481%\">2<\/td>\n<td style=\"width: 27.9221%\">MASURALI B\u0130LYA<br \/>\n\u00d840 x 44 x 20<\/td>\n<\/tr>\n<tr>\n<td style=\"width: 16.7532%\">BUSH<br \/>\nBIMETALRAK 2291<\/td>\n<td style=\"width: 5.19481%\">1<\/td>\n<td style=\"width: 27.9221%\">HOROSCOPE<br \/>\n\u00d832 x 36 x 30<\/td>\n<\/tr>\n<tr>\n<td style=\"width: 16.7532%\">BEARING<\/p>\n<p>RAK 1970<\/td>\n<td style=\"width: 5.19481%\">1<\/td>\n<td style=\"width: 27.9221%\">BALL<br \/>\n\u00d841.7 x 18.32 R63.5<\/td>\n<\/tr>\n<tr>\n<td style=\"width: 16.7532%\">V RING<br \/>\nVA 45<\/td>\n<td style=\"width: 5.19481%\">2<\/td>\n<td style=\"width: 27.9221%\">V RING VA45<br \/>\n40 x 50 x 9<\/td>\n<\/tr>\n<tr>\n<td style=\"width: 16.7532%\">O RING (BIG)<\/td>\n<td style=\"width: 5.19481%\">1<\/td>\n<td style=\"width: 27.9221%\">O RING B\u00dcY\u00dcK<br \/>\n47.2 x 2.62<\/td>\n<\/tr>\n<tr>\n<td style=\"width: 16.7532%\">O RING (SMALL)<\/td>\n<td style=\"width: 5.19481%\">1<\/td>\n<td style=\"width: 27.9221%\">O RING K\u00dc\u00c7\u00dcK<br \/>\n41.6 x 2.40<\/td>\n<\/tr>\n<tr>\n<td style=\"width: 16.7532%\">WASHER<\/td>\n<td style=\"width: 5.19481%\">4<\/td>\n<td style=\"width: 27.9221%\">WASHER<br \/>\n\u00d840.7&#215;10.6 (0.1-0.2-0.3-1)<\/td>\n<\/tr>\n<\/tbody>\n<\/table>","protected":false},"featured_media":18579,"comment_status":"open","ping_status":"closed","template":"","meta":{"om_disable_all_campaigns":false,"_monsterinsights_skip_tracking":false,"_monsterinsights_sitenote_active":false,"_monsterinsights_sitenote_note":"","_monsterinsights_sitenote_category":0},"product_cat":[85],"product_tag":[],"_links":{"self":[{"href":"https:\/\/argotomotiv.com.tr\/en\/wp-json\/wp\/v2\/product\/18096"}],"collection":[{"href":"https:\/\/argotomotiv.com.tr\/en\/wp-json\/wp\/v2\/product"}],"about":[{"href":"https:\/\/argotomotiv.com.tr\/en\/wp-json\/wp\/v2\/types\/product"}],"replies":[{"embeddable":true,"href":"https:\/\/argotomotiv.com.tr\/en\/wp-json\/wp\/v2\/comments?post=18096"}],"wp:featuredmedia":[{"embeddable":true,"href":"https:\/\/argotomotiv.com.tr\/en\/wp-json\/wp\/v2\/media\/18579"}],"wp:attachment":[{"href":"https:\/\/argotomotiv.com.tr\/en\/wp-json\/wp\/v2\/media?parent=18096"}],"wp:term":[{"taxonomy":"product_cat","embeddable":true,"href":"https:\/\/argotomotiv.com.tr\/en\/wp-json\/wp\/v2\/product_cat?post=18096"},{"taxonomy":"product_tag","embeddable":true,"href":"https:\/\/argotomotiv.com.tr\/en\/wp-json\/wp\/v2\/product_tag?post=18096"}],"curies":[{"name":"wp","href":"https:\/\/api.w.org\/{rel}","templated":true}]}}