{"id":18094,"date":"2022-02-03T00:52:41","date_gmt":"2022-02-02T21:52:41","guid":{"rendered":"https:\/\/argotomotiv.com.tr\/?post_type=product&#038;p=18094"},"modified":"2023-01-06T14:28:27","modified_gmt":"2023-01-06T11:28:27","slug":"a-r-g-69","status":"publish","type":"product","link":"https:\/\/argotomotiv.com.tr\/en\/product\/a-r-g-69\/","title":{"rendered":"A.R.G.69 (0683469)"},"content":{"rendered":"","protected":false},"excerpt":{"rendered":"<table class=\"MaviPikselTablo\" style=\"width: 80.396%\">\n<tbody>\n<tr>\n<th style=\"width: 14.9718%\" width=\"101\">MODEL<\/th>\n<th style=\"width: 15.2542%\" width=\"103\">AXLE<\/th>\n<th style=\"width: 13.1419%\" width=\"96\">OEM NO.<\/th>\n<th style=\"width: 19.3439%\" width=\"124\">DESCRIPTION<\/th>\n<th style=\"width: 5.64972%\" width=\"32\">QTY<\/th>\n<th style=\"width: 30.3672%\" width=\"210\">EXPLANATION<\/th>\n<\/tr>\n<tr>\n<td style=\"width: 14.9718%\" rowspan=\"9\" valign=\"top\">\n<p align=\"left\">45 LF<\/p>\n<\/td>\n<td style=\"width: 15.2542%\" rowspan=\"9\" valign=\"top\"><\/td>\n<td style=\"width: 13.1419%\" rowspan=\"9\" valign=\"top\">0683469<\/p>\n<p>683469<\/p>\n<p>1895530<\/p>\n<p>KPK W026<\/p>\n<p>KPK W027<\/p>\n<p>1400095<\/p>\n<p>050.606<\/td>\n<td style=\"width: 19.3439%\">REPAIR KIT<br \/>\n(ONE WHEEL)<\/td>\n<td style=\"width: 5.64972%\"><\/td>\n<td style=\"width: 30.3672%\">AXON PIN REPAIR KIT<\/p>\n<p>(ONE WHEEL)<\/td>\n<\/tr>\n<tr>\n<td style=\"width: 19.3439%\">KING PIN<\/p>\n<p>1400095<\/td>\n<td style=\"width: 5.64972%\">1<\/td>\n<td style=\"width: 30.3672%\">PIN<br \/>\n\u00d832 x 40 x 171.5<\/td>\n<\/tr>\n<tr>\n<td style=\"width: 19.3439%\">BUSH<\/p>\n<p>BIG BIMETAL<\/p>\n<p>RAK 2292<\/td>\n<td style=\"width: 5.64972%\">1<\/td>\n<td style=\"width: 30.3672%\">BIG zodiac sign<br \/>\n\u00d840 x 44 x 39<\/td>\n<\/tr>\n<tr>\n<td style=\"width: 19.3439%\">BUSH<br \/>\nSMALL BIMETALRAK 2291<\/td>\n<td style=\"width: 5.64972%\">1<\/td>\n<td style=\"width: 30.3672%\">BUSH SMALL<br \/>\n\u00d832 x 36 x 30<\/td>\n<\/tr>\n<tr>\n<td style=\"width: 19.3439%\">BEARING<\/p>\n<p>RAK 1970<\/td>\n<td style=\"width: 5.64972%\">1<\/td>\n<td style=\"width: 30.3672%\">BALL<br \/>\n\u00d841.7 x 18.32 R63.5<\/td>\n<\/tr>\n<tr>\n<td style=\"width: 19.3439%\">V RING<br \/>\nRAK 1972<\/td>\n<td style=\"width: 5.64972%\">2<\/td>\n<td style=\"width: 30.3672%\">V RING\u00a0 VA45<br \/>\n40 x 50 x 9<\/td>\n<\/tr>\n<tr>\n<td style=\"width: 19.3439%\">O RING (BIG)<\/td>\n<td style=\"width: 5.64972%\">1<\/td>\n<td style=\"width: 30.3672%\">O RING B\u00dcY\u00dcK<br \/>\n47.2 x 2.62<\/td>\n<\/tr>\n<tr>\n<td style=\"width: 19.3439%\">O RING (SMALL)<\/td>\n<td style=\"width: 5.64972%\">1<\/td>\n<td style=\"width: 30.3672%\">O RING K\u00dc\u00c7\u00dcK<br \/>\n41.6 x 2.40<\/td>\n<\/tr>\n<tr>\n<td style=\"width: 19.3439%\">WASHER<\/td>\n<td style=\"width: 5.64972%\">4<\/td>\n<td style=\"width: 30.3672%\">WASHER<br \/>\n\u00d840.7&#215;10.6 (0.1-2.2-0.3-1)<\/td>\n<\/tr>\n<\/tbody>\n<\/table>","protected":false},"featured_media":18580,"comment_status":"open","ping_status":"closed","template":"","meta":{"om_disable_all_campaigns":false,"_monsterinsights_skip_tracking":false,"_monsterinsights_sitenote_active":false,"_monsterinsights_sitenote_note":"","_monsterinsights_sitenote_category":0},"product_cat":[85],"product_tag":[],"_links":{"self":[{"href":"https:\/\/argotomotiv.com.tr\/en\/wp-json\/wp\/v2\/product\/18094"}],"collection":[{"href":"https:\/\/argotomotiv.com.tr\/en\/wp-json\/wp\/v2\/product"}],"about":[{"href":"https:\/\/argotomotiv.com.tr\/en\/wp-json\/wp\/v2\/types\/product"}],"replies":[{"embeddable":true,"href":"https:\/\/argotomotiv.com.tr\/en\/wp-json\/wp\/v2\/comments?post=18094"}],"wp:featuredmedia":[{"embeddable":true,"href":"https:\/\/argotomotiv.com.tr\/en\/wp-json\/wp\/v2\/media\/18580"}],"wp:attachment":[{"href":"https:\/\/argotomotiv.com.tr\/en\/wp-json\/wp\/v2\/media?parent=18094"}],"wp:term":[{"taxonomy":"product_cat","embeddable":true,"href":"https:\/\/argotomotiv.com.tr\/en\/wp-json\/wp\/v2\/product_cat?post=18094"},{"taxonomy":"product_tag","embeddable":true,"href":"https:\/\/argotomotiv.com.tr\/en\/wp-json\/wp\/v2\/product_tag?post=18094"}],"curies":[{"name":"wp","href":"https:\/\/api.w.org\/{rel}","templated":true}]}}