{"id":18090,"date":"2022-02-03T00:51:19","date_gmt":"2022-02-02T21:51:19","guid":{"rendered":"https:\/\/argotomotiv.com.tr\/?post_type=product&#038;p=18090"},"modified":"2022-12-06T18:53:50","modified_gmt":"2022-12-06T15:53:50","slug":"a-r-g-15","status":"publish","type":"product","link":"https:\/\/argotomotiv.com.tr\/en\/product\/a-r-g-15\/","title":{"rendered":"A.R.G.15 (KPKW008)"},"content":{"rendered":"","protected":false},"excerpt":{"rendered":"<table class=\"MaviPikselTablo\">\n<tbody>\n<tr>\n<th width=\"101\">MODEL<\/th>\n<th width=\"103\">AXLE<\/th>\n<th width=\"96\">OEM NO.<\/th>\n<th width=\"124\">DESCRIPTION<\/th>\n<th width=\"32\">QTY<\/th>\n<th width=\"210\">EXPLANATION<\/th>\n<\/tr>\n<tr>\n<td rowspan=\"11\" valign=\"top\">\n<p align=\"left\">DAF<br \/>\nROADRUNNER<br \/>\nDAF 45FA<\/p>\n<\/td>\n<td rowspan=\"11\" valign=\"top\">\n<p align=\"left\">7.5 TON<\/p>\n<\/td>\n<td rowspan=\"11\" valign=\"top\">\n<p align=\"left\">KPKW008<\/p>\n<\/td>\n<td>REPAIR KIT<br \/>\n(ONE WHEEL)<\/td>\n<td><\/td>\n<td>AXON PIN REPAIR KIT<\/p>\n<p>(ONE WHEEL)<\/td>\n<\/tr>\n<tr>\n<td>KING PIN<br \/>\n3686<\/td>\n<td>1<\/td>\n<td>PIN<br \/>\n\u00d825.38 x 31.70 x 167<\/td>\n<\/tr>\n<tr>\n<td>BUSH (SMALL)<br \/>\n4825<\/td>\n<td>1<\/td>\n<td>BUR\u00c7 (K\u00dc\u00c7\u00dcK)<br \/>\n\u00d825.4 x 28.6 x 38.2<\/td>\n<\/tr>\n<tr>\n<td>BUSH (LARGE)<br \/>\n9360<\/td>\n<td>2<\/td>\n<td>BUR\u00c7 (B\u00dcY\u00dcK)<br \/>\n\u00d831.75 x 35.81 x 25.4<\/td>\n<\/tr>\n<tr>\n<td>BEARING<br \/>\n9207<\/td>\n<td>1<\/td>\n<td>BALL<br \/>\n\u00d833 x 14.70<\/td>\n<\/tr>\n<tr>\n<td>SHIM<br \/>\n9444<\/td>\n<td>2<\/td>\n<td>SHIM<br \/>\n0.20 x (\u00d810 x 33)<\/td>\n<\/tr>\n<tr>\n<td>WASHER<\/td>\n<td>1<\/td>\n<td>WASHER<br \/>\n0.50 x ( \u00d810 x 33 )<\/td>\n<\/tr>\n<tr>\n<td>WASHER<\/td>\n<td>1<\/td>\n<td>WASHER<br \/>\n1 x (\u00d810 x 33)<\/td>\n<\/tr>\n<tr>\n<td>RUBBER V RING<br \/>\nFORSHED V 32<\/td>\n<td>1<\/td>\n<td>KAU\u00c7UK V R\u0130NG<br \/>\n\u00d829 x 37 x 7<\/td>\n<\/tr>\n<tr>\n<td>O &#8211; RING\u00a0 (LARGE)<\/td>\n<td>1<\/td>\n<td>O &#8211; R\u0130NG (B\u00dcY\u00dcK)<br \/>\n\u00d839 x 45 x 3<\/td>\n<\/tr>\n<tr>\n<td>O-RING (SMALL)<\/td>\n<td>2<\/td>\n<td>O &#8211; R\u0130NG (K\u00dc\u00c7\u00dcK)<br \/>\n\u00d825.1 x 29 x 1.78<\/td>\n<\/tr>\n<\/tbody>\n<\/table>","protected":false},"featured_media":18584,"comment_status":"open","ping_status":"closed","template":"","meta":{"om_disable_all_campaigns":false,"_monsterinsights_skip_tracking":false,"_monsterinsights_sitenote_active":false,"_monsterinsights_sitenote_note":"","_monsterinsights_sitenote_category":0},"product_cat":[85],"product_tag":[],"_links":{"self":[{"href":"https:\/\/argotomotiv.com.tr\/en\/wp-json\/wp\/v2\/product\/18090"}],"collection":[{"href":"https:\/\/argotomotiv.com.tr\/en\/wp-json\/wp\/v2\/product"}],"about":[{"href":"https:\/\/argotomotiv.com.tr\/en\/wp-json\/wp\/v2\/types\/product"}],"replies":[{"embeddable":true,"href":"https:\/\/argotomotiv.com.tr\/en\/wp-json\/wp\/v2\/comments?post=18090"}],"wp:featuredmedia":[{"embeddable":true,"href":"https:\/\/argotomotiv.com.tr\/en\/wp-json\/wp\/v2\/media\/18584"}],"wp:attachment":[{"href":"https:\/\/argotomotiv.com.tr\/en\/wp-json\/wp\/v2\/media?parent=18090"}],"wp:term":[{"taxonomy":"product_cat","embeddable":true,"href":"https:\/\/argotomotiv.com.tr\/en\/wp-json\/wp\/v2\/product_cat?post=18090"},{"taxonomy":"product_tag","embeddable":true,"href":"https:\/\/argotomotiv.com.tr\/en\/wp-json\/wp\/v2\/product_tag?post=18090"}],"curies":[{"name":"wp","href":"https:\/\/api.w.org\/{rel}","templated":true}]}}