{"id":18026,"date":"2022-02-03T00:24:23","date_gmt":"2022-02-02T21:24:23","guid":{"rendered":"https:\/\/argotomotiv.com.tr\/?post_type=product&#038;p=18026"},"modified":"2024-01-10T14:26:48","modified_gmt":"2024-01-10T11:26:48","slug":"a-r-g-18","status":"publish","type":"product","link":"https:\/\/argotomotiv.com.tr\/en\/product\/a-r-g-18\/","title":{"rendered":"A.R.G.18 (57RS305122)"},"content":{"rendered":"","protected":false},"excerpt":{"rendered":"<table class=\"MaviPikselTablo\" style=\"width: 55.6466%;height: 598px\">\n<tbody>\n<tr style=\"height: 24px\">\n<th style=\"width: 16.6782%;height: 24px\" width=\"101\">MODEL<\/th>\n<th style=\"width: 12.2474%;height: 24px\" width=\"103\">AXLE<\/th>\n<th style=\"width: 16.6667%;height: 24px\" width=\"96\">OEM NO.<\/th>\n<th style=\"width: 17.6309%;height: 24px\" width=\"124\">DESCRIPTION<\/th>\n<th style=\"width: 5.50964%;height: 24px\" width=\"32\">QTY<\/th>\n<th style=\"width: 29.2011%;height: 24px\" width=\"210\">EXPLANATION<\/th>\n<\/tr>\n<tr style=\"height: 118px\">\n<td style=\"width: 16.6782%;height: 118px\" valign=\"top\">PRO 518<\/p>\n<p>BUR\u00c7LU<\/td>\n<td style=\"width: 12.2474%;height: 526px\" rowspan=\"9\" valign=\"top\"><\/td>\n<td style=\"width: 16.6667%;height: 526px\" rowspan=\"9\" valign=\"top\">\n<p align=\"left\">57RS305122<\/p>\n<p align=\"left\">KP.00007.01.02<\/p>\n<\/td>\n<td style=\"width: 17.6309%;height: 118px\">REPAIR KIT<br \/>\n(ONE WHEEL)<\/td>\n<td style=\"width: 5.50964%;height: 118px\"><\/td>\n<td style=\"width: 29.2011%;height: 118px\">AXON PIN REPAIR KIT<\/p>\n<p>(ONE WHEEL)<\/td>\n<\/tr>\n<tr style=\"height: 48px\">\n<td style=\"width: 16.6782%;height: 48px\" valign=\"top\">FAT\u0130H 518<br \/>\nBMC PROBUS<\/td>\n<td style=\"width: 17.6309%;height: 48px\">KING PIN<\/td>\n<td style=\"width: 5.50964%;height: 48px\">1<\/td>\n<td style=\"width: 29.2011%;height: 48px\">PERNO<br \/>\n\u00d838,1 x 47,6 x 170<\/td>\n<\/tr>\n<tr style=\"height: 48px\">\n<td style=\"width: 16.6782%;height: 168px\" rowspan=\"3\" valign=\"top\"><\/td>\n<td style=\"width: 17.6309%;height: 48px\">BIG BUSH<\/td>\n<td style=\"width: 5.50964%;height: 48px\">1<\/td>\n<td style=\"width: 29.2011%;height: 48px\">B\u00dcY\u00dcK BUR\u00c7<br \/>\n47,62&#215;50,90&#215;36<\/td>\n<\/tr>\n<tr style=\"height: 48px\">\n<td style=\"width: 17.6309%;height: 48px\">SMALL BUSH<\/td>\n<td style=\"width: 5.50964%;height: 48px\">1<\/td>\n<td style=\"width: 29.2011%;height: 48px\">K\u00dc\u00c7\u00dcK BUR\u00c7<br \/>\n38,1&#215;44,5&#215;38<\/td>\n<\/tr>\n<tr style=\"height: 72px\">\n<td style=\"width: 17.6309%;height: 72px\">THRUST BEARING<br \/>\nAJU 1840<\/td>\n<td style=\"width: 5.50964%;height: 72px\">1<\/td>\n<td style=\"width: 29.2011%;height: 72px\">BEARING (SQUARE)<br \/>\n80 x 87 x 22<\/td>\n<\/tr>\n<tr style=\"height: 48px\">\n<td style=\"width: 16.6782%;height: 192px\" rowspan=\"4\" valign=\"top\"><\/td>\n<td style=\"width: 17.6309%;height: 48px\">SEAL RING<\/td>\n<td style=\"width: 5.50964%;height: 48px\">1<\/td>\n<td style=\"width: 29.2011%;height: 48px\">DUST FELT<br \/>\n\u00d838,1 x 44,5 x 4,6<\/td>\n<\/tr>\n<tr style=\"height: 48px\">\n<td style=\"width: 17.6309%;height: 48px\">V \u2013 RING<br \/>\nV 55<\/td>\n<td style=\"width: 5.50964%;height: 48px\">1<\/td>\n<td style=\"width: 29.2011%;height: 48px\">V \u2013 RING<br \/>\n\u00d848 x 58 x 8.5<\/td>\n<\/tr>\n<tr style=\"height: 48px\">\n<td style=\"width: 17.6309%;height: 48px\">SHIM<\/td>\n<td style=\"width: 5.50964%;height: 48px\">6<\/td>\n<td style=\"width: 29.2011%;height: 48px\">SQUARE LAYNER<br \/>\n4x(80&#215;87)(0,2\/0,3\/0,5)<\/td>\n<\/tr>\n<tr style=\"height: 48px\">\n<td style=\"width: 17.6309%;height: 48px\">LUBRICATOR<\/td>\n<td style=\"width: 5.50964%;height: 48px\">1<\/td>\n<td style=\"width: 29.2011%;height: 48px\">GRASER HOUSING<br \/>\n3\/8 x 45<\/td>\n<\/tr>\n<tr style=\"height: 48px\">\n<td style=\"width: 16.6782%;height: 48px\" valign=\"top\"><\/td>\n<td style=\"width: 12.2474%;height: 48px\" valign=\"top\"><\/td>\n<td style=\"width: 16.6667%;height: 48px\" valign=\"top\"><\/td>\n<td style=\"width: 17.6309%;height: 48px\">WASHER<\/td>\n<td style=\"width: 5.50964%;height: 48px\">1<\/td>\n<td style=\"width: 29.2011%;height: 48px\">INTERMEDIATE WASHER<br \/>\n50&#215;69,8&#215;20<\/td>\n<\/tr>\n<\/tbody>\n<\/table>","protected":false},"featured_media":18537,"comment_status":"open","ping_status":"closed","template":"","meta":{"om_disable_all_campaigns":false,"_monsterinsights_skip_tracking":false,"_monsterinsights_sitenote_active":false,"_monsterinsights_sitenote_note":"","_monsterinsights_sitenote_category":0},"product_cat":[95],"product_tag":[],"_links":{"self":[{"href":"https:\/\/argotomotiv.com.tr\/en\/wp-json\/wp\/v2\/product\/18026"}],"collection":[{"href":"https:\/\/argotomotiv.com.tr\/en\/wp-json\/wp\/v2\/product"}],"about":[{"href":"https:\/\/argotomotiv.com.tr\/en\/wp-json\/wp\/v2\/types\/product"}],"replies":[{"embeddable":true,"href":"https:\/\/argotomotiv.com.tr\/en\/wp-json\/wp\/v2\/comments?post=18026"}],"wp:featuredmedia":[{"embeddable":true,"href":"https:\/\/argotomotiv.com.tr\/en\/wp-json\/wp\/v2\/media\/18537"}],"wp:attachment":[{"href":"https:\/\/argotomotiv.com.tr\/en\/wp-json\/wp\/v2\/media?parent=18026"}],"wp:term":[{"taxonomy":"product_cat","embeddable":true,"href":"https:\/\/argotomotiv.com.tr\/en\/wp-json\/wp\/v2\/product_cat?post=18026"},{"taxonomy":"product_tag","embeddable":true,"href":"https:\/\/argotomotiv.com.tr\/en\/wp-json\/wp\/v2\/product_tag?post=18026"}],"curies":[{"name":"wp","href":"https:\/\/api.w.org\/{rel}","templated":true}]}}