{"id":18022,"date":"2022-02-03T00:23:18","date_gmt":"2022-02-02T21:23:18","guid":{"rendered":"https:\/\/argotomotiv.com.tr\/?post_type=product&#038;p=18022"},"modified":"2024-03-01T03:59:48","modified_gmt":"2024-03-01T00:59:48","slug":"a-r-g-16","status":"publish","type":"product","link":"https:\/\/argotomotiv.com.tr\/en\/product\/a-r-g-16\/","title":{"rendered":"A.R.G.16 (57RS307144)"},"content":{"rendered":"","protected":false},"excerpt":{"rendered":"<table class=\"MaviPikselTablo\" style=\"width: 80.396%\">\n<tbody>\n<tr>\n<th style=\"width: 14.9718%\" width=\"101\">MODEL<\/th>\n<th style=\"width: 14.2711%\" width=\"103\">AXLE<\/th>\n<th style=\"width: 14.6868%\" width=\"96\">OEM NO.<\/th>\n<th style=\"width: 18.7821%\" width=\"124\">DESCRIPTION<\/th>\n<th style=\"width: 5.64972%\" width=\"32\">QTY<\/th>\n<th style=\"width: 30.3672%\" width=\"210\">EXPLANATION<\/th>\n<\/tr>\n<tr>\n<td style=\"width: 14.9718%\" valign=\"top\">PRO 522<\/p>\n<p>RULMANLI<\/td>\n<td style=\"width: 14.2711%\" rowspan=\"9\" valign=\"top\"><\/td>\n<td style=\"width: 14.6868%\" rowspan=\"9\" valign=\"top\">\n<p align=\"left\">57RS307144<\/p>\n<p align=\"left\">57RS305123<\/p>\n<p align=\"left\">57RS305414<\/p>\n<p align=\"left\">57RS300407<\/p>\n<p align=\"left\">6R200116<\/p>\n<p align=\"left\">KP.00008.01.02<\/p>\n<\/td>\n<td style=\"width: 18.7821%\">REPAIR KIT<br \/>\n(ONE WHEEL)<\/td>\n<td style=\"width: 5.64972%\"><\/td>\n<td style=\"width: 30.3672%\">D\u0130NG\u0130L TAM\u0130R TAKIMI<\/p>\n<p>(ONE WHEEL)<\/td>\n<\/tr>\n<tr>\n<td style=\"width: 14.9718%\" valign=\"top\">PROBUS 850<\/p>\n<p>&nbsp;<\/td>\n<td style=\"width: 18.7821%\">KING PIN<\/p>\n<p>57RS 305414<\/td>\n<td style=\"width: 5.64972%\">1<\/td>\n<td style=\"width: 30.3672%\">PERNO<br \/>\n\u00d840 x 50 x 175<\/td>\n<\/tr>\n<tr>\n<td style=\"width: 14.9718%\" rowspan=\"3\" valign=\"top\">BMC PROBUS<\/td>\n<td style=\"width: 18.7821%\">NEEDLE ROLLER BEARING<br \/>\nHK 5020<\/td>\n<td style=\"width: 5.64972%\">2<\/td>\n<td style=\"width: 30.3672%\">BOBBIN BALL<br \/>\nHK 5020 (50x58x20)<\/td>\n<\/tr>\n<tr>\n<td style=\"width: 18.7821%\">NEEDLE ROLLER BEARING<br \/>\nHK 4020<\/td>\n<td style=\"width: 5.64972%\">2<\/td>\n<td style=\"width: 30.3672%\">BOBBIN BALL<br \/>\nHK 4020 (40x47x20)<\/td>\n<\/tr>\n<tr>\n<td style=\"width: 18.7821%\">THRUST BEARING<br \/>\n57RS 300407\u00a0 AJU 1840<\/td>\n<td style=\"width: 5.64972%\">1<\/td>\n<td style=\"width: 30.3672%\">BEARING (SQUARE)<br \/>\n87x80x22<\/td>\n<\/tr>\n<tr>\n<td style=\"width: 14.9718%\" rowspan=\"4\" valign=\"top\"><\/td>\n<td style=\"width: 18.7821%\">SEAL RING<\/td>\n<td style=\"width: 5.64972%\">1<\/td>\n<td style=\"width: 30.3672%\">DUST FELT<br \/>\n\u00d840 x 47 x 4<\/td>\n<\/tr>\n<tr>\n<td style=\"width: 18.7821%\">V \u2013 RING<br \/>\nV 55<\/td>\n<td style=\"width: 5.64972%\">1<\/td>\n<td style=\"width: 30.3672%\">V \u2013 RING<br \/>\n\u00d848 x 58 x 8.5<\/td>\n<\/tr>\n<tr>\n<td style=\"width: 18.7821%\">SHIM<\/td>\n<td style=\"width: 5.64972%\">6<\/td>\n<td style=\"width: 30.3672%\">SQUARE LAYNER<br \/>\n2x(80\u00d787)(0.2\/0.3\/0.5)<\/td>\n<\/tr>\n<tr>\n<td style=\"width: 18.7821%\">LUBRICATOR<\/td>\n<td style=\"width: 5.64972%\">1<\/td>\n<td style=\"width: 30.3672%\">GRASER HOUSING<br \/>\n3\/8 x 45<\/td>\n<\/tr>\n<\/tbody>\n<\/table>","protected":false},"featured_media":18538,"comment_status":"open","ping_status":"closed","template":"","meta":{"om_disable_all_campaigns":false,"_monsterinsights_skip_tracking":false,"_monsterinsights_sitenote_active":false,"_monsterinsights_sitenote_note":"","_monsterinsights_sitenote_category":0},"product_cat":[95,85],"product_tag":[],"_links":{"self":[{"href":"https:\/\/argotomotiv.com.tr\/en\/wp-json\/wp\/v2\/product\/18022"}],"collection":[{"href":"https:\/\/argotomotiv.com.tr\/en\/wp-json\/wp\/v2\/product"}],"about":[{"href":"https:\/\/argotomotiv.com.tr\/en\/wp-json\/wp\/v2\/types\/product"}],"replies":[{"embeddable":true,"href":"https:\/\/argotomotiv.com.tr\/en\/wp-json\/wp\/v2\/comments?post=18022"}],"wp:featuredmedia":[{"embeddable":true,"href":"https:\/\/argotomotiv.com.tr\/en\/wp-json\/wp\/v2\/media\/18538"}],"wp:attachment":[{"href":"https:\/\/argotomotiv.com.tr\/en\/wp-json\/wp\/v2\/media?parent=18022"}],"wp:term":[{"taxonomy":"product_cat","embeddable":true,"href":"https:\/\/argotomotiv.com.tr\/en\/wp-json\/wp\/v2\/product_cat?post=18022"},{"taxonomy":"product_tag","embeddable":true,"href":"https:\/\/argotomotiv.com.tr\/en\/wp-json\/wp\/v2\/product_tag?post=18022"}],"curies":[{"name":"wp","href":"https:\/\/api.w.org\/{rel}","templated":true}]}}