{"id":18014,"date":"2022-02-03T00:20:50","date_gmt":"2022-02-02T21:20:50","guid":{"rendered":"https:\/\/argotomotiv.com.tr\/?post_type=product&#038;p=18014"},"modified":"2024-03-11T08:43:40","modified_gmt":"2024-03-11T05:43:40","slug":"a-r-g-11","status":"publish","type":"product","link":"https:\/\/argotomotiv.com.tr\/en\/product\/a-r-g-11\/","title":{"rendered":"A.R.G.11 (8G4241)"},"content":{"rendered":"","protected":false},"excerpt":{"rendered":"<table class=\"MaviPikselTablo\" style=\"width: 98.252%\">\n<tbody>\n<tr>\n<th style=\"width: 14.7732%\" width=\"101\">MODEL<\/th>\n<th style=\"width: 14.2282%\" width=\"103\">AXLE<\/th>\n<th style=\"width: 17.2345%\" width=\"96\">OEM NO.<\/th>\n<th style=\"width: 17.9195%\" width=\"124\">DESCRIPTION<\/th>\n<th style=\"width: 4.24413%\" width=\"32\">QTY<\/th>\n<th style=\"width: 29.4118%\" width=\"210\">EXPLANATION<\/th>\n<\/tr>\n<tr>\n<td style=\"width: 14.7732%\" rowspan=\"10\" valign=\"top\">\n<p align=\"left\">FAT\u0130H 105<\/p>\n<p align=\"left\">FAT\u0130H 110-08<\/p>\n<p align=\"left\">FAT\u0130H 130-14<\/p>\n<p align=\"left\">BMC<br \/>\nTM &#8211; 140<br \/>\nTM &#8211; 150<\/p>\n<p align=\"left\">SERI II<\/p>\n<\/td>\n<td style=\"width: 14.2282%\" rowspan=\"10\" valign=\"top\">\n<p align=\"left\"><strong>\u00a0<\/strong>K5C 1048<\/p>\n<p align=\"left\">\n<\/td>\n<td style=\"width: 17.2345%\" rowspan=\"10\" valign=\"top\">\n<p align=\"left\">8G4241<\/p>\n<p align=\"left\">8GH 4241<\/p>\n<p align=\"left\">9P910686<\/p>\n<p align=\"left\">KP.00001.01.02<\/p>\n<\/td>\n<td style=\"width: 17.9195%\">REPAIR KIT<br \/>\n(AXLE SET)<\/td>\n<td style=\"width: 4.24413%\"><\/td>\n<td style=\"width: 29.4118%\">AXON PIN REPAIR KIT<\/p>\n<p>(ONE WHEEL)<\/td>\n<\/tr>\n<tr>\n<td style=\"width: 17.9195%\">KING PIN<\/p>\n<p>61K 8748<\/td>\n<td style=\"width: 4.24413%;text-align: center\">2<\/td>\n<td style=\"width: 29.4118%\">PIN<\/p>\n<p>\u00d831.70 x 41.20 x 177<\/td>\n<\/tr>\n<tr>\n<td style=\"width: 17.9195%\">BUSH (SMALL)<\/p>\n<p>11K 4291<\/td>\n<td style=\"width: 4.24413%;text-align: center\">2<\/td>\n<td style=\"width: 29.4118%\">BUR\u00c7 (K\u00dc\u00c7\u00dcK)<\/p>\n<p>\u00d831.75 x 35.81 x 36.57<\/td>\n<\/tr>\n<tr>\n<td style=\"width: 17.9195%\">BUSH (LARGE)<\/p>\n<p>11K 4292<\/td>\n<td style=\"width: 4.24413%;text-align: center\">2<\/td>\n<td style=\"width: 29.4118%\">BUR\u00c7 (B\u00dcY\u00dcK)<\/p>\n<p>\u00d841.27 x 45.26 x 42.16<\/td>\n<\/tr>\n<tr>\n<td style=\"width: 17.9195%\">RUBBER SEAL<\/p>\n<p>11K 4237<\/td>\n<td style=\"width: 4.24413%;text-align: center\">2<\/td>\n<td style=\"width: 29.4118%\">LAST\u0130K KE\u00c7E &#8211; VA45<\/p>\n<p>\u00d841 x 56 x 10<\/td>\n<\/tr>\n<tr>\n<td style=\"width: 17.9195%\"><span style=\"font-size: 10pt\">THRUST\u00a0 BUTTON<\/span><\/p>\n<p>11K 4283<\/td>\n<td style=\"width: 4.24413%;text-align: center\">2<\/td>\n<td style=\"width: 29.4118%\">STOPPER<\/p>\n<p>\u00d819.05 x 9.5<\/td>\n<\/tr>\n<tr>\n<td style=\"width: 17.9195%\">O RING(SMALL)<\/p>\n<p>11K 4224<\/td>\n<td style=\"width: 4.24413%;text-align: center\">2<\/td>\n<td style=\"width: 29.4118%\">O &#8211; R\u0130NG (K\u00dc\u00c7\u00dcK)<\/p>\n<p>\u00d832 x 36 x 2<\/td>\n<\/tr>\n<tr>\n<td style=\"width: 17.9195%\">O RING(LARGE)<\/p>\n<p>11K 4225<\/td>\n<td style=\"width: 4.24413%;text-align: center\">2<\/td>\n<td style=\"width: 29.4118%\">O &#8211; R\u0130NG (B\u00dcY\u00dcK)<\/p>\n<p>\u00d850 x 54 x 2<\/td>\n<\/tr>\n<tr>\n<td style=\"width: 17.9195%\">SHIM<\/td>\n<td style=\"width: 4.24413%;text-align: center\">6<\/td>\n<td style=\"width: 29.4118%\">SHIM<\/p>\n<p>2x(0.20-0.30-0.50)<\/td>\n<\/tr>\n<tr>\n<td style=\"width: 17.9195%\">METAL CAPS<\/td>\n<td style=\"width: 4.24413%;text-align: center\">2<\/td>\n<td style=\"width: 29.4118%\">METAL KAPAK<\/p>\n<p>\u00d819.10 x 0.8<\/td>\n<\/tr>\n<\/tbody>\n<\/table>","protected":false},"featured_media":18639,"comment_status":"open","ping_status":"closed","template":"","meta":{"om_disable_all_campaigns":false,"_monsterinsights_skip_tracking":false,"_monsterinsights_sitenote_active":false,"_monsterinsights_sitenote_note":"","_monsterinsights_sitenote_category":0},"product_cat":[95,85],"product_tag":[],"_links":{"self":[{"href":"https:\/\/argotomotiv.com.tr\/en\/wp-json\/wp\/v2\/product\/18014"}],"collection":[{"href":"https:\/\/argotomotiv.com.tr\/en\/wp-json\/wp\/v2\/product"}],"about":[{"href":"https:\/\/argotomotiv.com.tr\/en\/wp-json\/wp\/v2\/types\/product"}],"replies":[{"embeddable":true,"href":"https:\/\/argotomotiv.com.tr\/en\/wp-json\/wp\/v2\/comments?post=18014"}],"wp:featuredmedia":[{"embeddable":true,"href":"https:\/\/argotomotiv.com.tr\/en\/wp-json\/wp\/v2\/media\/18639"}],"wp:attachment":[{"href":"https:\/\/argotomotiv.com.tr\/en\/wp-json\/wp\/v2\/media?parent=18014"}],"wp:term":[{"taxonomy":"product_cat","embeddable":true,"href":"https:\/\/argotomotiv.com.tr\/en\/wp-json\/wp\/v2\/product_cat?post=18014"},{"taxonomy":"product_tag","embeddable":true,"href":"https:\/\/argotomotiv.com.tr\/en\/wp-json\/wp\/v2\/product_tag?post=18014"}],"curies":[{"name":"wp","href":"https:\/\/api.w.org\/{rel}","templated":true}]}}