{"id":18012,"date":"2022-02-03T00:20:16","date_gmt":"2022-02-02T21:20:16","guid":{"rendered":"https:\/\/argotomotiv.com.tr\/?post_type=product&#038;p=18012"},"modified":"2024-09-17T17:11:19","modified_gmt":"2024-09-17T14:11:19","slug":"a-r-g-10","status":"publish","type":"product","link":"https:\/\/argotomotiv.com.tr\/en\/product\/a-r-g-10\/","title":{"rendered":"A.R.G.10   (KPK-9)"},"content":{"rendered":"","protected":false},"excerpt":{"rendered":"<table class=\"MaviPikselTablo\" style=\"width: 89.5305%;height: 1112px\">\n<tbody>\n<tr style=\"height: 56px\">\n<td style=\"width: 28.8484%;height: 56px\" valign=\"top\">\n<p align=\"center\"><u><strong>MODEL<\/strong><\/u><\/p>\n<\/td>\n<td style=\"width: 0.935454%;height: 56px\" valign=\"top\">\n<p align=\"center\"><u><strong>AXLE<\/strong><\/u><\/p>\n<\/td>\n<td style=\"width: 13.2106%;height: 56px\" valign=\"top\">\n<p align=\"center\"><strong><u>OEM NO.<\/u><\/strong><\/p>\n<\/td>\n<td style=\"width: 21.6083%;height: 56px\" valign=\"top\">\n<p align=\"center\"><strong><u>DESCRIPTION<\/u><\/strong><\/p>\n<\/td>\n<td style=\"width: 1.07159%;height: 56px\" valign=\"top\">\n<p align=\"center\"><u><strong>QTY<\/strong><\/u><\/p>\n<\/td>\n<td style=\"width: 39.22%;height: 56px\" valign=\"top\">\n<p align=\"center\"><strong><u>EXPLANATION<\/u><\/strong><\/p>\n<\/td>\n<\/tr>\n<tr style=\"height: 136px\">\n<td style=\"width: 28.8484%;height: 136px\" align=\"left\" valign=\"top\">FAT\u0130H &#8211; 162\/25<\/p>\n<p>FAT\u0130H &#8211; 200\/26<\/p>\n<p>FAT\u0130H &#8211; 220\/26<\/p>\n<p>FAT\u0130H &#8211; Y2200<\/td>\n<td style=\"width: 0.935454%;height: 1056px\" rowspan=\"11\" align=\"center\" valign=\"top\">\n<p align=\"left\">KPK \u2013 9<\/p>\n<p align=\"left\">6K 108 54<\/p>\n<p align=\"left\">K8C 1026<\/p>\n<p align=\"left\">ROAD TRAIN<\/p>\n<p align=\"left\">CONSTRUCTER<\/p>\n<p align=\"left\">6 &amp; 8<\/p>\n<p align=\"left\">CRUISER<\/p>\n<p align=\"left\"><span style=\"font-size: 10pt\"><strong>AXON PIN REPAIR KIT<\/strong><\/span><\/p>\n<p align=\"left\">\u00f6n dingil tamir tak\u0131m\u0131<\/p>\n<p align=\"left\">ARG OTOMOT\u0130V<\/p>\n<p align=\"left\">king pin set<\/p>\n<p align=\"left\">king pin kit<\/p>\n<p align=\"left\">axle set<\/p>\n<p align=\"left\">TRUCK<\/p>\n<p align=\"left\">BUS<\/p>\n<p align=\"left\">BMC<\/p>\n<p align=\"left\">FORD<\/p>\n<p align=\"left\">IVECO<\/p>\n<p align=\"left\">RENAULT<\/p>\n<p align=\"left\">SCANIA<\/p>\n<p align=\"left\">VOLVO<\/p>\n<p align=\"left\">DAF<\/p>\n<p align=\"left\">MERCEDES<\/p>\n<p align=\"left\">MAN<\/p>\n<p align=\"left\">ERF<\/p>\n<p align=\"left\">DENNIS<\/p>\n<p align=\"left\">OPTARE<\/p>\n<p align=\"left\">DODGE<\/p>\n<p align=\"left\">\n<\/td>\n<td style=\"width: 13.2106%;height: 1056px\" rowspan=\"11\" align=\"center\" valign=\"top\">\n<p align=\"left\"><strong>KPK-4<\/strong><\/p>\n<p align=\"left\"><strong>KPK-9<\/strong><\/p>\n<p align=\"left\">57RS300407<\/p>\n<p align=\"left\">KP.00006.01.02<\/p>\n<p align=\"left\">\n<\/td>\n<td style=\"width: 21.6083%;height: 136px\" align=\"left\" valign=\"middle\"><span style=\"font-size: 12pt\"><strong>REPAIR KIT<\/strong><strong>(ONE WHEEL)<\/strong><\/span><\/td>\n<td style=\"width: 1.07159%;height: 136px\" align=\"center\" valign=\"middle\"><\/td>\n<td style=\"width: 39.22%;height: 136px\" align=\"left\" valign=\"middle\"><span style=\"font-size: 10pt\"><strong>AXON PIN REPAIR KIT<\/strong><strong>(ONE WHEEL)<\/strong><\/span><\/td>\n<\/tr>\n<tr style=\"height: 146px\">\n<td style=\"width: 28.8484%;height: 146px\" align=\"left\" valign=\"top\">\n<h4 class=\"font_0 wixui-rich-text__text\"><span class=\"wixui-rich-text__text\" style=\"font-size: 10pt;font-family: arial, helvetica, sans-serif\">PRO\u00a0 822 &#8211; 827\u00a0<\/span><\/h4>\n<p>PRO 620-624<\/p>\n<p>PRO 1142-1144<\/td>\n<td style=\"width: 21.6083%;height: 146px\" align=\"left\" valign=\"middle\">KING PIN<\/p>\n<p>NJK 1943<\/td>\n<td style=\"width: 1.07159%;height: 146px\" align=\"center\" valign=\"middle\">1<\/td>\n<td style=\"width: 39.22%;height: 146px\" align=\"left\" valign=\"middle\">PIN<\/p>\n<p>\u00d838.08 x 47.61 x 214<\/td>\n<\/tr>\n<tr style=\"height: 96px\">\n<td style=\"width: 28.8484%;height: 288px\" rowspan=\"3\" align=\"left\" valign=\"top\">FRIGHTER<\/p>\n<p>16.13<\/p>\n<p>16.17<\/p>\n<p>17.14<\/p>\n<p>17.18<\/td>\n<td style=\"width: 21.6083%;height: 96px\" align=\"left\" valign=\"middle\">BUSH (SMALL)<\/p>\n<p>NJK 1969<\/td>\n<td style=\"width: 1.07159%;height: 96px\" align=\"center\" valign=\"middle\">1<\/td>\n<td style=\"width: 39.22%;height: 96px\" align=\"left\" valign=\"middle\">BUR\u00c7 (K\u00dc\u00c7\u00dcK)<\/p>\n<p>\u00d838.10 x 44.45 x 54.61<\/td>\n<\/tr>\n<tr style=\"height: 96px\">\n<td style=\"width: 21.6083%;height: 96px\" align=\"left\" valign=\"middle\">BUSH (LARGE)<\/p>\n<p>NJK 1970<\/td>\n<td style=\"width: 1.07159%;height: 96px\" align=\"center\" valign=\"middle\">1<\/td>\n<td style=\"width: 39.22%;height: 96px\" align=\"left\" valign=\"middle\">BUR\u00c7 (B\u00dcY\u00dcK)<\/p>\n<p>\u00d847.62 x 50.80 x 59.53<\/td>\n<\/tr>\n<tr style=\"height: 96px\">\n<td style=\"width: 21.6083%;height: 96px\" align=\"left\" valign=\"middle\">THRUST BEARING<\/p>\n<p>AJU 1840-57RS300407<\/td>\n<td style=\"width: 1.07159%;height: 96px\" align=\"center\" valign=\"middle\">1<\/td>\n<td style=\"width: 39.22%;height: 96px\" align=\"left\" valign=\"middle\">BEARING (SQUARE)<\/p>\n<p>87 x 80 x 21<\/td>\n<\/tr>\n<tr style=\"height: 96px\">\n<td style=\"width: 28.8484%;height: 192px\" rowspan=\"2\" align=\"left\" valign=\"top\">LEYLAND<\/p>\n<p>DAF<\/p>\n<p>4.5 SERIES<\/p>\n<p>10 TON<\/td>\n<td style=\"width: 21.6083%;height: 96px\" align=\"left\" valign=\"middle\">SHIM (SQUARE)<\/p>\n<p>EAW 2469<\/td>\n<td style=\"width: 1.07159%;height: 96px\" align=\"center\" valign=\"middle\">6<\/td>\n<td style=\"width: 39.22%;height: 96px\" align=\"left\" valign=\"middle\">LAYNER (KARE)<\/p>\n<p>2 x ( 0.20 x 0.30 x 0.50 )<\/td>\n<\/tr>\n<tr style=\"height: 96px\">\n<td style=\"width: 21.6083%;height: 96px\" align=\"left\" valign=\"middle\">WASHERS<\/p>\n<p>&nbsp;<\/td>\n<td style=\"width: 1.07159%;height: 96px\" align=\"center\" valign=\"middle\">2<\/td>\n<td style=\"width: 39.22%;height: 96px\" align=\"left\" valign=\"middle\">WASHER<\/p>\n<p>\u00d838.5 x 58 x 0.70<\/td>\n<\/tr>\n<tr style=\"height: 76px\">\n<td style=\"width: 28.8484%;height: 294px\" rowspan=\"4\" align=\"left\" valign=\"top\"><\/td>\n<td style=\"width: 21.6083%;height: 76px\" align=\"left\" valign=\"middle\">V \u2013 RING (55)<\/td>\n<td style=\"width: 1.07159%;height: 76px\" align=\"center\" valign=\"middle\">1<\/td>\n<td style=\"width: 39.22%;height: 76px\" align=\"left\" valign=\"middle\">V &#8211; R\u0130NG (55)<\/p>\n<p>\u00d859 x 49 x 9<\/td>\n<\/tr>\n<tr style=\"height: 97px\">\n<td style=\"width: 21.6083%;height: 97px\" align=\"left\" valign=\"middle\">V-RING (50)<\/td>\n<td style=\"width: 1.07159%;height: 97px\" align=\"center\" valign=\"middle\">1<\/td>\n<td style=\"width: 39.22%;height: 97px\" align=\"left\" valign=\"middle\">V-R\u0130NG (50)<\/p>\n<p>\u00d855 x 45 x 9<\/td>\n<\/tr>\n<tr style=\"height: 97px\">\n<td style=\"width: 21.6083%;height: 97px\" align=\"left\" valign=\"middle\">O-RING<\/p>\n<p>EAW1393<\/td>\n<td style=\"width: 1.07159%;height: 97px\" align=\"center\" valign=\"middle\">1<\/td>\n<td style=\"width: 39.22%;height: 97px\" align=\"left\" valign=\"middle\">O \u2013 RING<\/p>\n<p>\u00d838 x 45 x 3.5<\/td>\n<\/tr>\n<tr style=\"height: 24px\">\n<td style=\"width: 21.6083%;height: 24px\" align=\"left\" valign=\"top\"><\/td>\n<td style=\"width: 1.07159%;height: 24px\" align=\"center\" valign=\"top\"><\/td>\n<td style=\"width: 39.22%;height: 24px\" align=\"left\" valign=\"top\"><\/td>\n<\/tr>\n<\/tbody>\n<\/table>","protected":false},"featured_media":18608,"comment_status":"open","ping_status":"closed","template":"","meta":{"om_disable_all_campaigns":false,"_monsterinsights_skip_tracking":false,"_monsterinsights_sitenote_active":false,"_monsterinsights_sitenote_note":"","_monsterinsights_sitenote_category":0},"product_cat":[95,85],"product_tag":[],"_links":{"self":[{"href":"https:\/\/argotomotiv.com.tr\/en\/wp-json\/wp\/v2\/product\/18012"}],"collection":[{"href":"https:\/\/argotomotiv.com.tr\/en\/wp-json\/wp\/v2\/product"}],"about":[{"href":"https:\/\/argotomotiv.com.tr\/en\/wp-json\/wp\/v2\/types\/product"}],"replies":[{"embeddable":true,"href":"https:\/\/argotomotiv.com.tr\/en\/wp-json\/wp\/v2\/comments?post=18012"}],"wp:featuredmedia":[{"embeddable":true,"href":"https:\/\/argotomotiv.com.tr\/en\/wp-json\/wp\/v2\/media\/18608"}],"wp:attachment":[{"href":"https:\/\/argotomotiv.com.tr\/en\/wp-json\/wp\/v2\/media?parent=18012"}],"wp:term":[{"taxonomy":"product_cat","embeddable":true,"href":"https:\/\/argotomotiv.com.tr\/en\/wp-json\/wp\/v2\/product_cat?post=18012"},{"taxonomy":"product_tag","embeddable":true,"href":"https:\/\/argotomotiv.com.tr\/en\/wp-json\/wp\/v2\/product_tag?post=18012"}],"curies":[{"name":"wp","href":"https:\/\/api.w.org\/{rel}","templated":true}]}}