{"id":17985,"date":"2022-02-03T00:09:01","date_gmt":"2022-02-02T21:09:01","guid":{"rendered":"https:\/\/argotomotiv.com.tr\/?post_type=product&#038;p=17985"},"modified":"2022-12-30T13:45:06","modified_gmt":"2022-12-30T10:45:06","slug":"a-r-g-71","status":"publish","type":"product","link":"https:\/\/argotomotiv.com.tr\/en\/product\/a-r-g-71\/","title":{"rendered":"A.R.G.71 (266170)"},"content":{"rendered":"","protected":false},"excerpt":{"rendered":"<table class=\"MaviPikselTablo\">\n<tbody>\n<tr>\n<th width=\"101\">MODEL<\/th>\n<th width=\"103\">AXLE<\/th>\n<th width=\"96\">OEM NO.<\/th>\n<th width=\"124\">DESCRIPTION<\/th>\n<th width=\"32\">QTY<\/th>\n<th width=\"210\">EXPLANATION<\/th>\n<\/tr>\n<tr>\n<td rowspan=\"4\" valign=\"top\">\n<p align=\"left\">50 \/ 55 F8 &#8211; 9 &#8211; 10<br \/>\n65 \/ 70 \/ 75 F10<br \/>\n10 &#8211; 80 \/ 90 F13<br \/>\n50 \/ 55 OM 8-9-10<br \/>\n69\/70\/75 OM-10-80-90<br \/>\nOM 13<br \/>\n65.12 TURBO ZETA<\/p>\n<\/td>\n<td rowspan=\"4\" valign=\"top\"><\/td>\n<td rowspan=\"4\" valign=\"top\">266170<\/p>\n<p>1904814<\/p>\n<p>7162998<\/p>\n<p>KP.00007.01.03<\/td>\n<td>REPAIR KIT<br \/>\n(AXLE SET)<\/td>\n<td><\/td>\n<td>AXON PIN REPAIR KIT<\/p>\n<p>(ONE WHEEL)<\/td>\n<\/tr>\n<tr>\n<td>KING PIN<br \/>\n7162998<\/td>\n<td>2<\/td>\n<td>PIN<br \/>\n\u00d827 x 34 x 174<\/td>\n<\/tr>\n<tr>\n<td>LARGE BUSH<br \/>\n7162462<\/td>\n<td>2<\/td>\n<td>BUR\u00c7\u00a0 (B\u00dcY\u00dcK)<br \/>\n\u00d833.8 x 41.3 x 44<\/td>\n<\/tr>\n<tr>\n<td>SMALL BUSH<br \/>\n7162624<\/td>\n<td>2<\/td>\n<td>BUR\u00c7\u00a0 (K\u00dc\u00c7\u00dcK)<br \/>\n\u00d826.8 x 33.8 x 37<\/td>\n<\/tr>\n<\/tbody>\n<\/table>","protected":false},"featured_media":17986,"comment_status":"open","ping_status":"closed","template":"","meta":{"om_disable_all_campaigns":false,"_monsterinsights_skip_tracking":false,"_monsterinsights_sitenote_active":false,"_monsterinsights_sitenote_note":"","_monsterinsights_sitenote_category":0},"product_cat":[86],"product_tag":[],"_links":{"self":[{"href":"https:\/\/argotomotiv.com.tr\/en\/wp-json\/wp\/v2\/product\/17985"}],"collection":[{"href":"https:\/\/argotomotiv.com.tr\/en\/wp-json\/wp\/v2\/product"}],"about":[{"href":"https:\/\/argotomotiv.com.tr\/en\/wp-json\/wp\/v2\/types\/product"}],"replies":[{"embeddable":true,"href":"https:\/\/argotomotiv.com.tr\/en\/wp-json\/wp\/v2\/comments?post=17985"}],"wp:featuredmedia":[{"embeddable":true,"href":"https:\/\/argotomotiv.com.tr\/en\/wp-json\/wp\/v2\/media\/17986"}],"wp:attachment":[{"href":"https:\/\/argotomotiv.com.tr\/en\/wp-json\/wp\/v2\/media?parent=17985"}],"wp:term":[{"taxonomy":"product_cat","embeddable":true,"href":"https:\/\/argotomotiv.com.tr\/en\/wp-json\/wp\/v2\/product_cat?post=17985"},{"taxonomy":"product_tag","embeddable":true,"href":"https:\/\/argotomotiv.com.tr\/en\/wp-json\/wp\/v2\/product_tag?post=17985"}],"curies":[{"name":"wp","href":"https:\/\/api.w.org\/{rel}","templated":true}]}}