{"id":17975,"date":"2022-02-03T00:06:08","date_gmt":"2022-02-02T21:06:08","guid":{"rendered":"https:\/\/argotomotiv.com.tr\/?post_type=product&#038;p=17975"},"modified":"2024-03-03T05:49:00","modified_gmt":"2024-03-03T02:49:00","slug":"a-r-g-42","status":"publish","type":"product","link":"https:\/\/argotomotiv.com.tr\/en\/product\/a-r-g-42\/","title":{"rendered":"A.R.G.42 (1843208)"},"content":{"rendered":"","protected":false},"excerpt":{"rendered":"<table class=\"MaviPikselTablo\">\n<tbody>\n<tr>\n<th width=\"101\">MODEL<\/th>\n<th width=\"103\">AXLE<\/th>\n<th width=\"96\">OEM NO.<\/th>\n<th width=\"124\">DESCRIPTION<\/th>\n<th width=\"32\">QTY<\/th>\n<th width=\"210\">EXPLANATION<\/th>\n<\/tr>\n<tr>\n<td rowspan=\"10\" valign=\"top\">\n<p align=\"left\">2 TON &#8211; D 500<br \/>\n( 1957 &#8211; 1973 )<br \/>\n2 \/ 2 TON &#8211; C 600<br \/>\nD 600, PD 600<br \/>\nS 600<br \/>\n( 1957 &#8211; 1973 )<br \/>\n3 TON &#8211; C 800<br \/>\nC 850 &#8211; CN 800<br \/>\nCNT 800 &#8211; D 800<br \/>\nNCT 800<br \/>\n( 1960 &#8211; 1973 )<br \/>\n4 TON &#8211; C 900<br \/>\nCN 900, CT 900<br \/>\nCNT 900, NC 900<br \/>\nNCT 900<br \/>\nVL 900, VLT 900<br \/>\n( 1960 &#8211; 1973 )<br \/>\n5 TON &#8211; C 1000<br \/>\nCT 1000, DN 1000<br \/>\nDNT 1000, LN1000<br \/>\nLNT 1000<br \/>\nLS 1000, LT 1000<br \/>\nLV 1000<br \/>\nLVT 10000<br \/>\nNL 1000<br \/>\nNLT 1000<br \/>\nVL 1000<br \/>\nVLT 1000<br \/>\n( 1970 &#8211; 1973 )<\/p>\n<\/td>\n<td rowspan=\"10\" valign=\"top\">\n<p align=\"left\">7000 #<br \/>\n3641716<\/p>\n<p align=\"left\">\n<\/td>\n<td rowspan=\"10\" valign=\"top\">\n<p align=\"left\">1843208<\/p>\n<\/td>\n<td>REPAIR KIT<br \/>\n(AXLE SET)<\/td>\n<td><\/td>\n<td>AXON PIN REPAIR KIT<\/p>\n<p>(ONE WHEEL)<\/td>\n<\/tr>\n<tr>\n<td>\n<p align=\"left\">KING PIN<br \/>\n3641722<\/p>\n<\/td>\n<td>2<\/td>\n<td>PIN<br \/>\n\u00d831.33 x 189.50<\/td>\n<\/tr>\n<tr>\n<td>BUSH<br \/>\n1789523<\/td>\n<td>4<\/td>\n<td>HOROSCOPE<br \/>\n\u00d831.25 x 34.60 x 44.5<\/td>\n<\/tr>\n<tr>\n<td>BEARING<br \/>\n571000 ( T 126 )&nbsp;<\/td>\n<td>2<\/td>\n<td>BALL<br \/>\n\u00d832&#215;55.6 x 15.80<\/td>\n<\/tr>\n<tr>\n<td>PLUG<br \/>\n( 1.3 \/ 8 )<\/td>\n<td>4<\/td>\n<td>STOPPER<br \/>\n\u00d835 x 2<\/td>\n<\/tr>\n<tr>\n<td>LARGE COTTER PIN<br \/>\n403288<\/td>\n<td>2<\/td>\n<td>B\u00dcY\u00dcK KAMA<br \/>\n\u00d812.7&#215;49<\/td>\n<\/tr>\n<tr>\n<td>SMALL COTTER PIN<br \/>\n403289<\/td>\n<td>2<\/td>\n<td>K\u00dc\u00c7\u00dcK KAMA<br \/>\n\u00d812.7&#215;39<\/td>\n<\/tr>\n<tr>\n<td>SHIM<br \/>\n251461 6 &#8211; 7<\/td>\n<td>6<\/td>\n<td>SHIM<br \/>\n0.20(\u00d832.5 x 51)<\/td>\n<\/tr>\n<tr>\n<td>GASKET<\/td>\n<td>2<\/td>\n<td>GASKET<br \/>\n\u00d840 x 75 x 0.5<\/td>\n<\/tr>\n<tr>\n<td>LOCK RING<\/td>\n<td>2<\/td>\n<td>RING<br \/>\n\u00d839 x 1.5<\/td>\n<\/tr>\n<\/tbody>\n<\/table>","protected":false},"featured_media":17976,"comment_status":"open","ping_status":"closed","template":"","meta":{"om_disable_all_campaigns":false,"_monsterinsights_skip_tracking":false,"_monsterinsights_sitenote_active":false,"_monsterinsights_sitenote_note":"","_monsterinsights_sitenote_category":0},"product_cat":[92],"product_tag":[],"_links":{"self":[{"href":"https:\/\/argotomotiv.com.tr\/en\/wp-json\/wp\/v2\/product\/17975"}],"collection":[{"href":"https:\/\/argotomotiv.com.tr\/en\/wp-json\/wp\/v2\/product"}],"about":[{"href":"https:\/\/argotomotiv.com.tr\/en\/wp-json\/wp\/v2\/types\/product"}],"replies":[{"embeddable":true,"href":"https:\/\/argotomotiv.com.tr\/en\/wp-json\/wp\/v2\/comments?post=17975"}],"wp:featuredmedia":[{"embeddable":true,"href":"https:\/\/argotomotiv.com.tr\/en\/wp-json\/wp\/v2\/media\/17976"}],"wp:attachment":[{"href":"https:\/\/argotomotiv.com.tr\/en\/wp-json\/wp\/v2\/media?parent=17975"}],"wp:term":[{"taxonomy":"product_cat","embeddable":true,"href":"https:\/\/argotomotiv.com.tr\/en\/wp-json\/wp\/v2\/product_cat?post=17975"},{"taxonomy":"product_tag","embeddable":true,"href":"https:\/\/argotomotiv.com.tr\/en\/wp-json\/wp\/v2\/product_tag?post=17975"}],"curies":[{"name":"wp","href":"https:\/\/api.w.org\/{rel}","templated":true}]}}