{"id":17973,"date":"2022-02-03T00:05:34","date_gmt":"2022-02-02T21:05:34","guid":{"rendered":"https:\/\/argotomotiv.com.tr\/?post_type=product&#038;p=17973"},"modified":"2022-12-02T16:46:23","modified_gmt":"2022-12-02T13:46:23","slug":"a-r-g-41","status":"publish","type":"product","link":"https:\/\/argotomotiv.com.tr\/en\/product\/a-r-g-41\/","title":{"rendered":"A.R.G.41 (3780539)"},"content":{"rendered":"","protected":false},"excerpt":{"rendered":"<div id=\"body\">\n<div class=\"GenelIcerik\">\n<div class=\"satir\">\n<div id=\"SagBolum\" class=\"Dar\">\n<div id=\"MaviContent\">\n<div id=\"MenuIcerik\" class=\"content KenardanBosluk\">\n<div class=\"SagBolum\">\n<div class=\"UrunAciklama\">\n<div class=\"UrunDetay\">\n<div class=\"Aciklama\">\n<table class=\"MaviPikselTablo\">\n<tbody>\n<tr>\n<th width=\"101\">MODEL<\/th>\n<th width=\"103\">AXLE<\/th>\n<th width=\"96\">OEM NO.<\/th>\n<th width=\"124\">DESCRIPTION<\/th>\n<th width=\"32\">QTY<\/th>\n<th width=\"210\">EXPLANATION<\/th>\n<\/tr>\n<tr>\n<td rowspan=\"8\" valign=\"top\">\n<p align=\"left\">2 \/ 2 TON<br \/>\nC 600, D 600<br \/>\nL 600, PC 600<br \/>\nPD 600, S 600<br \/>\n( 1974 TO DATE )<br \/>\n3 TON<br \/>\nC 800 &#8211; C 850<br \/>\nCN 800 &#8211; CNT 800<br \/>\n( 1974 TO DATE )<br \/>\nAS 600<br \/>\nAS 700<\/p>\n<p align=\"left\">\n<\/td>\n<td rowspan=\"8\" valign=\"top\">\n<p align=\"left\">7000 #<br \/>\n4109549<\/p>\n<p align=\"left\">\n<\/td>\n<td rowspan=\"8\" valign=\"top\">\n<p align=\"left\">3780539<br \/>\n4108579<\/p>\n<\/td>\n<td>REPAIR KIT<br \/>\n(AXLE SET)<\/td>\n<td><\/td>\n<td>AXON PIN REPAIR KIT<\/p>\n<p>(ONE WHEEL)<\/td>\n<\/tr>\n<tr>\n<td>\n<p align=\"left\">KING PIN<br \/>\n3641722<\/p>\n<\/td>\n<td>2<\/td>\n<td>PIN<br \/>\n\u00d831.33 x 194.50<\/td>\n<\/tr>\n<tr>\n<td>BEARING<br \/>\n571000 (T 126)<\/td>\n<td>4<\/td>\n<td>BALL<br \/>\n\u00d832 x 55.6 x 15.8<\/td>\n<\/tr>\n<tr>\n<td>BUSH<br \/>\n1789523&nbsp;<\/td>\n<td>2<\/td>\n<td>HOROSCOPE<br \/>\n\u00d831.25 x 34.60 x 44.5<\/td>\n<\/tr>\n<tr>\n<td>LARGE COTTER PIN<br \/>\n4506T<\/td>\n<td>2<\/td>\n<td>STOPPER<br \/>\n\u00d838 x 2<\/td>\n<\/tr>\n<tr>\n<td>COTTER PIN<br \/>\n4032885<\/td>\n<td>2<\/td>\n<td>KAMA\u00a0(B\u00dcY\u00dcK)<br \/>\n\u00d812.7 x 80<\/td>\n<\/tr>\n<tr>\n<td>COTTER PIN<\/td>\n<td>2<\/td>\n<td>KAMA (K\u00dc\u00c7\u00dcK)<br \/>\n\u00d812.7 x 49<\/td>\n<\/tr>\n<tr>\n<td>SHIM<br \/>\n2514616 &#8211; 7<\/td>\n<td>4<\/td>\n<td>SHIM<br \/>\n0.20(\u00d832.5 x 51)<\/td>\n<\/tr>\n<\/tbody>\n<\/table>\n<\/div>\n<div class=\"Resimler\">\n<div class=\"DigerResimler\"><\/div>\n<\/div>\n<\/div>\n<\/div>\n<\/div>\n<\/div>\n<\/div>\n<\/div>\n<\/div>\n<div id=\"Kutucuklar\" class=\"satir\"><\/div>\n<\/div>\n<div><\/div>\n<\/div>\n<div><\/div>\n<div id=\"footer\">\n<div class=\"GenelIcerik\">\n<div class=\"satir\">\n<div id=\"FooterSol\">\n<div class=\"Yazi\"><\/div>\n<\/div>\n<\/div>\n<\/div>\n<\/div>","protected":false},"featured_media":17974,"comment_status":"open","ping_status":"closed","template":"","meta":{"om_disable_all_campaigns":false,"_monsterinsights_skip_tracking":false,"_monsterinsights_sitenote_active":false,"_monsterinsights_sitenote_note":"","_monsterinsights_sitenote_category":0},"product_cat":[92],"product_tag":[],"_links":{"self":[{"href":"https:\/\/argotomotiv.com.tr\/en\/wp-json\/wp\/v2\/product\/17973"}],"collection":[{"href":"https:\/\/argotomotiv.com.tr\/en\/wp-json\/wp\/v2\/product"}],"about":[{"href":"https:\/\/argotomotiv.com.tr\/en\/wp-json\/wp\/v2\/types\/product"}],"replies":[{"embeddable":true,"href":"https:\/\/argotomotiv.com.tr\/en\/wp-json\/wp\/v2\/comments?post=17973"}],"wp:featuredmedia":[{"embeddable":true,"href":"https:\/\/argotomotiv.com.tr\/en\/wp-json\/wp\/v2\/media\/17974"}],"wp:attachment":[{"href":"https:\/\/argotomotiv.com.tr\/en\/wp-json\/wp\/v2\/media?parent=17973"}],"wp:term":[{"taxonomy":"product_cat","embeddable":true,"href":"https:\/\/argotomotiv.com.tr\/en\/wp-json\/wp\/v2\/product_cat?post=17973"},{"taxonomy":"product_tag","embeddable":true,"href":"https:\/\/argotomotiv.com.tr\/en\/wp-json\/wp\/v2\/product_tag?post=17973"}],"curies":[{"name":"wp","href":"https:\/\/api.w.org\/{rel}","templated":true}]}}