{"id":17945,"date":"2022-02-02T23:50:33","date_gmt":"2022-02-02T20:50:33","guid":{"rendered":"https:\/\/argotomotiv.com.tr\/?post_type=product&#038;p=17945"},"modified":"2023-08-11T18:04:07","modified_gmt":"2023-08-11T15:04:07","slug":"a-r-g-96","status":"publish","type":"product","link":"https:\/\/argotomotiv.com.tr\/en\/product\/a-r-g-96\/","title":{"rendered":"A.R.G.96  (550284)"},"content":{"rendered":"","protected":false},"excerpt":{"rendered":"<table class=\"MaviPikselTablo\" style=\"width: 80.953%;height: 792px\">\n<tbody>\n<tr style=\"height: 24px\">\n<th style=\"width: 15.4812%;height: 24px\">MODEL<\/th>\n<th style=\"width: 19.4773%;height: 24px\">AXLE<\/th>\n<th style=\"width: 11.0686%;height: 24px\">OEM NO.<\/th>\n<th style=\"width: 22.1113%;height: 24px\">DESCRIPTION<\/th>\n<th style=\"width: 1.34771%;height: 24px\">QTY<\/th>\n<th style=\"width: 30.6834%;height: 24px\">EXPLANATION<\/th>\n<\/tr>\n<tr style=\"height: 48px\">\n<td style=\"width: 15.4812%;height: 768px\" rowspan=\"11\" valign=\"top\">94C, 94G<\/p>\n<p>114L, 114C<\/p>\n<p>114G, 124L<\/p>\n<p>144L, 144C<\/p>\n<p>144G<\/td>\n<td style=\"width: 19.4773%;height: 768px\" rowspan=\"11\" valign=\"top\">\n<p align=\"left\">AM, BUT CH<br \/>\n9014419 SAN<br \/>\n4359879 SNL<br \/>\n1219062 FAQ<\/p>\n<\/td>\n<td style=\"width: 11.0686%;height: 768px\" rowspan=\"11\" valign=\"top\">\n<p align=\"left\">550284<\/p>\n<p align=\"left\">1348296<\/p>\n<p align=\"left\">1403808<\/p>\n<p align=\"left\">ZG.412630008<\/p>\n<p align=\"left\">040.518<\/p>\n<\/td>\n<td style=\"width: 22.1113%;height: 48px\">REPAIR KIT<\/p>\n<p>(ONE WHEEL)<\/td>\n<td style=\"width: 1.34771%;height: 48px\"><\/td>\n<td style=\"width: 30.6834%;height: 48px\">AXON PIN REPAIR KIT<\/p>\n<p>(ONE WHEEL)<\/td>\n<\/tr>\n<tr style=\"height: 96px\">\n<td style=\"width: 22.1113%;height: 96px\">KING PIN<\/p>\n<p>1403808<\/td>\n<td style=\"width: 1.34771%;height: 96px;text-align: center\">1<\/td>\n<td style=\"width: 30.6834%;height: 96px\">PIN<br \/>\n\u00d845 x 55 x 224<\/td>\n<\/tr>\n<tr style=\"height: 48px\">\n<td style=\"width: 22.1113%;height: 48px\">BEARING<\/p>\n<p>322747-1911816<\/td>\n<td style=\"width: 1.34771%;height: 48px;text-align: center\">1<\/td>\n<td style=\"width: 30.6834%;height: 48px\">RULMAN (32308)<\/p>\n<p>\u00d840 x 90 x 38.10<\/td>\n<\/tr>\n<tr>\n<td style=\"width: 22.1113%\">BUSH<\/p>\n<p>1 343 373<\/td>\n<td style=\"width: 1.34771%;text-align: center\">1<\/td>\n<td style=\"width: 30.6834%\">BURC<\/p>\n<p>\u00d845 x 50 x 50<\/td>\n<\/tr>\n<tr style=\"height: 96px\">\n<td style=\"width: 22.1113%;height: 96px\">SEAL (LARGE)<\/p>\n<p>6874789-1395999<\/td>\n<td style=\"width: 1.34771%;height: 96px;text-align: center\">1<\/td>\n<td style=\"width: 30.6834%;height: 96px\">KE\u00c7E (B\u00dcY\u00dcK) (66 FH)<\/p>\n<p>\u00d855 x 76 x 13<\/td>\n<\/tr>\n<tr style=\"height: 96px\">\n<td style=\"width: 22.1113%;height: 96px\">SEAL (SMALL)<\/p>\n<p>6775255-1343372<\/td>\n<td style=\"width: 1.34771%;height: 96px;text-align: center\">1<\/td>\n<td style=\"width: 30.6834%;height: 96px\">KE\u00c7E (K\u00dc\u00c7\u00dcK) (184 FY)<\/p>\n<p>\u00d845 x 60 x 6<\/td>\n<\/tr>\n<tr style=\"height: 96px\">\n<td style=\"width: 22.1113%;height: 96px\">SHIM (LARGE)<\/p>\n<p>329348<\/td>\n<td style=\"width: 1.34771%;height: 96px;text-align: center\">4<\/td>\n<td style=\"width: 30.6834%;height: 96px\">LAYNER (LARGE)<\/p>\n<p>\u00d870 x 90 (0.1-0.2-0.5-1)<\/td>\n<\/tr>\n<tr style=\"height: 48px\">\n<td style=\"width: 22.1113%;height: 48px\">SHIM (SMALL)<\/td>\n<td style=\"width: 1.34771%;height: 48px;text-align: center\">1<\/td>\n<td style=\"width: 30.6834%;height: 48px\">LAYNER (SMALL)<\/p>\n<p>\u00d850 x 62 x ( 0.50 )<\/td>\n<\/tr>\n<tr style=\"height: 48px\">\n<td style=\"width: 22.1113%;height: 48px\">WASHER<\/td>\n<td style=\"width: 1.34771%;height: 48px;text-align: center\">1<\/td>\n<td style=\"width: 30.6834%;height: 48px\">WASHER<\/p>\n<p>\u00d847 x 74 x 6<\/td>\n<\/tr>\n<tr style=\"height: 48px\">\n<td style=\"width: 22.1113%;height: 48px\">O-RING (LARGE)<\/p>\n<p>925092<\/td>\n<td style=\"width: 1.34771%;height: 48px;text-align: center\">1<\/td>\n<td style=\"width: 30.6834%;height: 48px\">O-RING<\/p>\n<p>\u00d885 x 3<\/td>\n<\/tr>\n<tr style=\"height: 48px\">\n<td style=\"width: 22.1113%;height: 48px\">O-RING (SMALL)<\/td>\n<td style=\"width: 1.34771%;height: 48px;text-align: center\">1<\/td>\n<td style=\"width: 30.6834%;height: 48px\">O \u2013 RING<\/p>\n<p>\u00d848 x 2.5<\/td>\n<\/tr>\n<\/tbody>\n<\/table>","protected":false},"featured_media":18633,"comment_status":"open","ping_status":"closed","template":"","meta":{"om_disable_all_campaigns":false,"_monsterinsights_skip_tracking":false,"_monsterinsights_sitenote_active":false,"_monsterinsights_sitenote_note":"","_monsterinsights_sitenote_category":0},"product_cat":[90],"product_tag":[],"_links":{"self":[{"href":"https:\/\/argotomotiv.com.tr\/en\/wp-json\/wp\/v2\/product\/17945"}],"collection":[{"href":"https:\/\/argotomotiv.com.tr\/en\/wp-json\/wp\/v2\/product"}],"about":[{"href":"https:\/\/argotomotiv.com.tr\/en\/wp-json\/wp\/v2\/types\/product"}],"replies":[{"embeddable":true,"href":"https:\/\/argotomotiv.com.tr\/en\/wp-json\/wp\/v2\/comments?post=17945"}],"wp:featuredmedia":[{"embeddable":true,"href":"https:\/\/argotomotiv.com.tr\/en\/wp-json\/wp\/v2\/media\/18633"}],"wp:attachment":[{"href":"https:\/\/argotomotiv.com.tr\/en\/wp-json\/wp\/v2\/media?parent=17945"}],"wp:term":[{"taxonomy":"product_cat","embeddable":true,"href":"https:\/\/argotomotiv.com.tr\/en\/wp-json\/wp\/v2\/product_cat?post=17945"},{"taxonomy":"product_tag","embeddable":true,"href":"https:\/\/argotomotiv.com.tr\/en\/wp-json\/wp\/v2\/product_tag?post=17945"}],"curies":[{"name":"wp","href":"https:\/\/api.w.org\/{rel}","templated":true}]}}