{"id":17943,"date":"2022-02-02T23:49:26","date_gmt":"2022-02-02T20:49:26","guid":{"rendered":"https:\/\/argotomotiv.com.tr\/?post_type=product&#038;p=17943"},"modified":"2023-01-06T14:17:15","modified_gmt":"2023-01-06T11:17:15","slug":"a-r-g-94","status":"publish","type":"product","link":"https:\/\/argotomotiv.com.tr\/en\/product\/a-r-g-94\/","title":{"rendered":"A.R.G.94  (550257)"},"content":{"rendered":"","protected":false},"excerpt":{"rendered":"<table class=\"MaviPikselTablo\" style=\"width: 82.1274%;height: 600px\">\n<tbody>\n<tr style=\"height: 24px\">\n<th style=\"height: 24px;width: 16.4993%\">MODEL<\/th>\n<th style=\"height: 24px;width: 14.9976%\">AXLE<\/th>\n<th style=\"height: 24px;width: 14.5262%\">OEM NO.<\/th>\n<th style=\"height: 24px;width: 21.6198%\">DESCRIPTION<\/th>\n<th style=\"height: 24px;width: 1.32802%\">QTY<\/th>\n<th style=\"height: 24px;width: 37.3027%\">EXPLANATION<\/th>\n<\/tr>\n<tr style=\"height: 48px\">\n<td style=\"height: 576px;width: 16.4993%\" rowspan=\"12\" valign=\"top\">\n<p align=\"left\">94C, 94G<br \/>\n114L, 114C<br \/>\n114G, 124L<\/p>\n<p align=\"left\">144L, 144C 144G<br \/>\nBUS K 112<br \/>\nBUS BR 116<br \/>\n113 E\/H\/M<\/p>\n<\/td>\n<td style=\"height: 576px;width: 14.9976%\" rowspan=\"12\" valign=\"top\">\n<p align=\"left\">AM, BUT CH<\/p>\n<p align=\"left\">9014419 SAN<\/p>\n<p>4359879 SNL<\/p>\n<p>1219062 FAQ<\/td>\n<td style=\"height: 576px;width: 14.5262%\" rowspan=\"12\" valign=\"top\">\n<p align=\"left\">550257<\/p>\n<p align=\"left\">040.515<\/p>\n<\/td>\n<td style=\"height: 48px;width: 21.6198%\">REPAIR KIT<\/p>\n<p>(ONE WHEEL)<\/td>\n<td style=\"height: 48px;width: 1.32802%\"><\/td>\n<td style=\"height: 48px;width: 37.3027%\">AXON PIN REPAIR KIT<\/p>\n<p>(ONE WHEEL)<\/td>\n<\/tr>\n<tr style=\"height: 48px\">\n<td style=\"height: 48px;width: 21.6198%\">KING PIN<\/p>\n<p>1348296<\/td>\n<td style=\"height: 48px;width: 1.32802%;text-align: center\">1<\/td>\n<td style=\"height: 48px;width: 37.3027%\">PIN<\/p>\n<p>\u00d845 x 55 x 224<\/td>\n<\/tr>\n<tr style=\"height: 48px\">\n<td style=\"height: 48px;width: 21.6198%\">BEARING<\/p>\n<p>322747<\/td>\n<td style=\"height: 48px;width: 1.32802%;text-align: center\">1<\/td>\n<td style=\"height: 48px;width: 37.3027%\">RULMAN (32308)<\/p>\n<p>\u00d840 x 90 x 38.10<\/td>\n<\/tr>\n<tr style=\"height: 48px\">\n<td style=\"height: 48px;width: 21.6198%\">SEAL (LARGE)<\/p>\n<p>1395999<\/td>\n<td style=\"height: 48px;width: 1.32802%;text-align: center\">1<\/td>\n<td style=\"height: 48px;width: 37.3027%\">KE\u00c7E (B\u00dcY\u00dcK) (66 FH)<\/p>\n<p>\u00d855 x 76 x 13<\/td>\n<\/tr>\n<tr style=\"height: 48px\">\n<td style=\"height: 48px;width: 21.6198%\">SEAL (SMALL)<\/p>\n<p>1343372<\/td>\n<td style=\"height: 48px;width: 1.32802%;text-align: center\">1<\/td>\n<td style=\"height: 48px;width: 37.3027%\">KE\u00c7E (K\u00dc\u00c7\u00dcK) (184 FY)<\/p>\n<p>\u00d845 x 60 x 6<\/td>\n<\/tr>\n<tr style=\"height: 48px\">\n<td style=\"height: 48px;width: 21.6198%\">SHIM (LARGE)<\/p>\n<p>329348<\/td>\n<td style=\"height: 48px;width: 1.32802%;text-align: center\">4<\/td>\n<td style=\"height: 48px;width: 37.3027%\">LAYNER (LARGE)<br \/>\n\u00d870 x 90 (0.1-0.2-0.5-1)<\/td>\n<\/tr>\n<tr style=\"height: 48px\">\n<td style=\"height: 48px;width: 21.6198%\">SHIM (SMALL)<\/td>\n<td style=\"height: 48px;width: 1.32802%;text-align: center\">1<\/td>\n<td style=\"height: 48px;width: 37.3027%\">LAYNER (SMALL)<br \/>\n\u00d850 x 62 x ( 0.50 )<\/td>\n<\/tr>\n<tr style=\"height: 48px\">\n<td style=\"height: 48px;width: 21.6198%\">BUSH<\/p>\n<p>1343373<\/td>\n<td style=\"height: 48px;width: 1.32802%;text-align: center\">1<\/td>\n<td style=\"height: 48px;width: 37.3027%\">BURC<\/p>\n<p>\u00d845 x 50 x 50<\/td>\n<\/tr>\n<tr style=\"height: 48px\">\n<td style=\"height: 48px;width: 21.6198%\">WASHER<\/p>\n<p>1339684<\/td>\n<td style=\"height: 48px;width: 1.32802%;text-align: center\">1<\/td>\n<td style=\"height: 48px;width: 37.3027%\">WASHER<\/p>\n<p>\u00d847 x 74 x 6<\/td>\n<\/tr>\n<tr style=\"height: 48px\">\n<td style=\"height: 48px;width: 21.6198%\">LOCK RING<\/p>\n<p>472-55<\/td>\n<td style=\"height: 48px;width: 1.32802%;text-align: center\">1<\/td>\n<td style=\"height: 48px;width: 37.3027%\">RING<\/p>\n<p>\u00d859 x 2 (472\u00d755)<\/td>\n<\/tr>\n<tr style=\"height: 48px\">\n<td style=\"height: 48px;width: 21.6198%\">O-RING (LARGE)<\/td>\n<td style=\"height: 48px;width: 1.32802%;text-align: center\">1<\/td>\n<td style=\"height: 48px;width: 37.3027%\">O -RING (BUYUK)<\/p>\n<p>\u00d885 x 3<\/td>\n<\/tr>\n<tr style=\"height: 48px\">\n<td style=\"height: 48px;width: 21.6198%\">O-RING (SMALL)<\/td>\n<td style=\"height: 48px;width: 1.32802%;text-align: center\">1<\/td>\n<td style=\"height: 48px;width: 37.3027%\">O &#8211; RING (KUCUK)<\/p>\n<p>\u00d845\u00a0 x 2.50<\/td>\n<\/tr>\n<\/tbody>\n<\/table>","protected":false},"featured_media":17944,"comment_status":"open","ping_status":"closed","template":"","meta":{"om_disable_all_campaigns":false,"_monsterinsights_skip_tracking":false,"_monsterinsights_sitenote_active":false,"_monsterinsights_sitenote_note":"","_monsterinsights_sitenote_category":0},"product_cat":[90],"product_tag":[],"_links":{"self":[{"href":"https:\/\/argotomotiv.com.tr\/en\/wp-json\/wp\/v2\/product\/17943"}],"collection":[{"href":"https:\/\/argotomotiv.com.tr\/en\/wp-json\/wp\/v2\/product"}],"about":[{"href":"https:\/\/argotomotiv.com.tr\/en\/wp-json\/wp\/v2\/types\/product"}],"replies":[{"embeddable":true,"href":"https:\/\/argotomotiv.com.tr\/en\/wp-json\/wp\/v2\/comments?post=17943"}],"wp:featuredmedia":[{"embeddable":true,"href":"https:\/\/argotomotiv.com.tr\/en\/wp-json\/wp\/v2\/media\/17944"}],"wp:attachment":[{"href":"https:\/\/argotomotiv.com.tr\/en\/wp-json\/wp\/v2\/media?parent=17943"}],"wp:term":[{"taxonomy":"product_cat","embeddable":true,"href":"https:\/\/argotomotiv.com.tr\/en\/wp-json\/wp\/v2\/product_cat?post=17943"},{"taxonomy":"product_tag","embeddable":true,"href":"https:\/\/argotomotiv.com.tr\/en\/wp-json\/wp\/v2\/product_tag?post=17943"}],"curies":[{"name":"wp","href":"https:\/\/api.w.org\/{rel}","templated":true}]}}